{"id":389,"date":"2022-10-29T04:57:28","date_gmt":"2022-10-29T04:57:28","guid":{"rendered":"https:\/\/anarpam.mr\/?page_id=389"},"modified":"2022-11-11T11:02:12","modified_gmt":"2022-11-11T11:02:12","slug":"lagence","status":"publish","type":"page","link":"https:\/\/anarpam.mr\/en\/lagence\/","title":{"rendered":"Agency"},"content":{"rendered":"<div data-elementor-type=\"wp-page\" data-elementor-id=\"389\" class=\"elementor elementor-389\" data-elementor-post-type=\"page\">\n\t\t\t\t\t\t<div class=\"elementor-inner\">\n\t\t\t\t<div class=\"elementor-section-wrap\">\n\t\t\t\t\t\t\t\t\t<section class=\"penci-section penci-dmcheck penci-elbg-activate penci-disSticky penci-structure-10 elementor-section elementor-top-section elementor-element elementor-element-7437118 elementor-section-boxed elementor-section-height-default elementor-section-height-default\" data-id=\"7437118\" data-element_type=\"section\" data-settings=\"{&quot;background_background&quot;:&quot;classic&quot;}\">\n\t\t\t\t\t\t<div class=\"elementor-container elementor-column-gap-no\">\n\t\t\t\t\t\t\t<div class=\"elementor-row\">\n\t\t\t\t\t<div class=\"penci-ercol-100 penci-ercol-order-1 penci-sticky-ct    elementor-column elementor-col-100 elementor-top-column elementor-element elementor-element-780f841\" data-id=\"780f841\" data-element_type=\"column\">\n\t\t\t<div class=\"theiaStickySidebar elementor-column-wrap elementor-element-populated\">\n\t\t\t\t\t\t\t<div class=\"elementor-widget-wrap\">\n\t\t\t\t\t\t<div class=\"elementor-element elementor-element-779e5d5 elementor-widget elementor-widget-penci-fancy_heading\" data-id=\"779e5d5\" data-element_type=\"widget\" data-widget_type=\"penci-fancy_heading.default\">\n\t\t\t\t<div class=\"elementor-widget-container\">\n\t\t\t\t\t<div class=\"penci-fancy-heading penci-heading-text-center\">\n\t\t\t<div class=\"penci-fancy-heading-inner\">\n\t\t\t\t<h2 class=\"penci-heading-title\"><span class=\"inner-tit\">About ANARPAM<\/span><\/h2>\t\t\t<\/div>\n\t\t<\/div>\n\t\t\t\t<\/div>\n\t\t\t\t<\/div>\n\t\t\t\t\t\t<\/div>\n\t\t\t\t\t<\/div>\n\t\t<\/div>\n\t\t\t\t\t\t\t\t<\/div>\n\t\t\t\t\t<\/div>\n\t\t<\/section>\n\t\t\t\t<section class=\"penci-section penci-disSticky penci-structure-20 elementor-section elementor-top-section elementor-element elementor-element-9900e89 elementor-section-content-middle elementor-section-boxed elementor-section-height-default elementor-section-height-default\" data-id=\"9900e89\" data-element_type=\"section\">\n\t\t\t\t\t\t<div class=\"elementor-container elementor-column-gap-no\">\n\t\t\t\t\t\t\t<div class=\"elementor-row\">\n\t\t\t\t\t<div class=\"penci-ercol-50 penci-ercol-order-1 penci-sticky-ct    elementor-column elementor-col-50 elementor-top-column elementor-element elementor-element-c7f3b0c\" data-id=\"c7f3b0c\" data-element_type=\"column\">\n\t\t\t<div class=\"theiaStickySidebar elementor-column-wrap elementor-element-populated\">\n\t\t\t\t\t\t\t<div class=\"elementor-widget-wrap\">\n\t\t\t\t\t\t<div class=\"elementor-element elementor-element-aa4e9d4 elementor-widget elementor-widget-image\" data-id=\"aa4e9d4\" data-element_type=\"widget\" data-widget_type=\"image.default\">\n\t\t\t\t<div class=\"elementor-widget-container\">\n\t\t\t<style>\/*! elementor - v3.17.0 - 01-11-2023 *\/\n.elementor-widget-image{text-align:center}.elementor-widget-image a{display:inline-block}.elementor-widget-image a img[src$=\".svg\"]{width:48px}.elementor-widget-image img{vertical-align:middle;display:inline-block}<\/style>\t\t\t\t\t<div class=\"elementor-image\">\n\t\t\t\t\t\t\t\t\t\t\t\t<img decoding=\"async\" width=\"1024\" height=\"683\" src=\"https:\/\/anarpam.mr\/wp-content\/uploads\/2022\/10\/IMG_1494-1.jpg\" class=\"attachment-large size-large wp-image-528\" alt=\"\" \/>\t\t\t\t\t\t\t\t\t\t\t\t\t\t<\/div>\n\t\t\t\t\t\t<\/div>\n\t\t\t\t<\/div>\n\t\t\t\t\t\t<\/div>\n\t\t\t\t\t<\/div>\n\t\t<\/div>\n\t\t\t\t<div class=\"penci-ercol-50 penci-ercol-order-2 penci-sticky-ct  penci-dmcheck penci-elbg-activate  elementor-column elementor-col-50 elementor-top-column elementor-element elementor-element-374d4f8\" data-id=\"374d4f8\" data-element_type=\"column\" data-settings=\"{&quot;background_background&quot;:&quot;classic&quot;}\">\n\t\t\t<div class=\"theiaStickySidebar elementor-column-wrap elementor-element-populated\">\n\t\t\t\t\t\t\t<div class=\"elementor-widget-wrap\">\n\t\t\t\t\t\t<div class=\"elementor-element elementor-element-62d29c4 elementor-widget elementor-widget-text-editor\" data-id=\"62d29c4\" data-element_type=\"widget\" data-widget_type=\"text-editor.default\">\n\t\t\t\t<div class=\"elementor-widget-container\">\n\t\t\t<style>\/*! elementor - v3.17.0 - 01-11-2023 *\/\n.elementor-widget-text-editor.elementor-drop-cap-view-stacked .elementor-drop-cap{background-color:#69727d;color:#fff}.elementor-widget-text-editor.elementor-drop-cap-view-framed .elementor-drop-cap{color:#69727d;border:3px solid;background-color:transparent}.elementor-widget-text-editor:not(.elementor-drop-cap-view-default) .elementor-drop-cap{margin-top:8px}.elementor-widget-text-editor:not(.elementor-drop-cap-view-default) .elementor-drop-cap-letter{width:1em;height:1em}.elementor-widget-text-editor .elementor-drop-cap{float:left;text-align:center;line-height:1;font-size:50px}.elementor-widget-text-editor .elementor-drop-cap-letter{display:inline-block}<\/style>\t\t\t\t\t<div class=\"elementor-text-editor elementor-clearfix\">\n\t\t\t\t<p>ANARPAM took up former Mauritanian Geological Research Office (OMRG), established in 1980 and took part of the Mauritanian Hydrocarbons and Mining Heritage Company (SMHPM) to take over Stakeholders\u2019 Agreements with mining promoters, together with corporate regulations, applicable to mining license holders in relation to Government shares in mining companies, (re. Decree n \u00b0 2020-064 of MAY 28, 2020).<\/p>\t\t\t\t\t<\/div>\n\t\t\t\t\t\t<\/div>\n\t\t\t\t<\/div>\n\t\t\t\t\t\t<\/div>\n\t\t\t\t\t<\/div>\n\t\t<\/div>\n\t\t\t\t\t\t\t\t<\/div>\n\t\t\t\t\t<\/div>\n\t\t<\/section>\n\t\t\t\t\t\t\t\t\t<\/div>\n\t\t\t<\/div>\n\t\t\t\t\t<\/div>","protected":false},"excerpt":{"rendered":"<p>A propos de l\u2019ANARPAM L\u2019ANARPAM a absorb\u00e9 L\u2019Office Mauritanien de Recherches G\u00e9ologiques (OMRG), cr\u00e9\u00e9 en 1980 et subroge la Soci\u00e9t\u00e9 Mauritanienne des Hydrocarbures et du Patrimoine Minier (SMHPM) dans tous&hellip;<\/p>","protected":false},"author":1,"featured_media":0,"parent":0,"menu_order":0,"comment_status":"closed","ping_status":"closed","template":"page-fullwidth.php","meta":{"_lmt_disableupdate":"","_lmt_disable":"","footnotes":""},"class_list":["post-389","page","type-page","status-publish","hentry"],"yoast_head":"<!-- This site is optimized with the Yoast SEO plugin v16.9 - https:\/\/yoast.com\/wordpress\/plugins\/seo\/ -->\n<title>l\u2019Agence - ANARPAM<\/title>\n<meta name=\"robots\" content=\"index, follow, max-snippet:-1, max-image-preview:large, max-video-preview:-1\" \/>\n<link rel=\"canonical\" href=\"https:\/\/anarpam.mr\/en\/lagence\/\" \/>\n<meta property=\"og:locale\" content=\"en_US\" \/>\n<meta property=\"og:type\" content=\"article\" \/>\n<meta property=\"og:title\" content=\"l\u2019Agence - ANARPAM\" \/>\n<meta property=\"og:description\" content=\"A propos de l\u2019ANARPAM L\u2019ANARPAM a absorb\u00e9 L\u2019Office Mauritanien de Recherches G\u00e9ologiques (OMRG), cr\u00e9\u00e9 en 1980 et subroge la Soci\u00e9t\u00e9 Mauritanienne des Hydrocarbures et du Patrimoine Minier (SMHPM) dans tous&hellip;\" \/>\n<meta property=\"og:url\" content=\"https:\/\/anarpam.mr\/en\/lagence\/\" \/>\n<meta property=\"og:site_name\" content=\"ANARPAM\" \/>\n<meta property=\"article:modified_time\" content=\"2022-11-11T11:02:12+00:00\" \/>\n<meta property=\"og:image\" content=\"https:\/\/anarpam.mr\/wp-content\/uploads\/2022\/10\/IMG_1494-1.jpg\" \/>\n<meta name=\"twitter:card\" content=\"summary_large_image\" \/>\n<script type=\"application\/ld+json\" class=\"yoast-schema-graph\">{\"@context\":\"https:\/\/schema.org\",\"@graph\":[{\"@type\":\"Organization\",\"@id\":\"https:\/\/anarpam.mr\/en\/#organization\",\"name\":\"ANARPAM\",\"url\":\"https:\/\/anarpam.mr\/en\/\",\"sameAs\":[],\"logo\":{\"@type\":\"ImageObject\",\"@id\":\"https:\/\/anarpam.mr\/en\/#logo\",\"inLanguage\":\"en-US\",\"url\":\"https:\/\/anarpam.mr\/wp-content\/uploads\/2026\/04\/favicon-master-512.png\",\"contentUrl\":\"https:\/\/anarpam.mr\/wp-content\/uploads\/2026\/04\/favicon-master-512.png\",\"width\":512,\"height\":512,\"caption\":\"ANARPAM\"},\"image\":{\"@id\":\"https:\/\/anarpam.mr\/en\/#logo\"}},{\"@type\":\"WebSite\",\"@id\":\"https:\/\/anarpam.mr\/en\/#website\",\"url\":\"https:\/\/anarpam.mr\/en\/\",\"name\":\"ANARPAM\",\"description\":\"\",\"publisher\":{\"@id\":\"https:\/\/anarpam.mr\/en\/#organization\"},\"potentialAction\":[{\"@type\":\"SearchAction\",\"target\":{\"@type\":\"EntryPoint\",\"urlTemplate\":\"https:\/\/anarpam.mr\/en\/?s={search_term_string}\"},\"query-input\":\"required name=search_term_string\"}],\"inLanguage\":\"en-US\"},{\"@type\":\"ImageObject\",\"@id\":\"https:\/\/anarpam.mr\/en\/lagence\/#primaryimage\",\"inLanguage\":\"en-US\",\"url\":\"https:\/\/anarpam.mr\/wp-content\/uploads\/2022\/10\/IMG_1494-1.jpg\",\"contentUrl\":\"https:\/\/anarpam.mr\/wp-content\/uploads\/2022\/10\/IMG_1494-1.jpg\",\"width\":5184,\"height\":3456},{\"@type\":\"WebPage\",\"@id\":\"https:\/\/anarpam.mr\/en\/lagence\/#webpage\",\"url\":\"https:\/\/anarpam.mr\/en\/lagence\/\",\"name\":\"l\\u2019Agence - ANARPAM\",\"isPartOf\":{\"@id\":\"https:\/\/anarpam.mr\/en\/#website\"},\"primaryImageOfPage\":{\"@id\":\"https:\/\/anarpam.mr\/en\/lagence\/#primaryimage\"},\"datePublished\":\"2022-10-29T04:57:28+00:00\",\"dateModified\":\"2022-11-11T11:02:12+00:00\",\"breadcrumb\":{\"@id\":\"https:\/\/anarpam.mr\/en\/lagence\/#breadcrumb\"},\"inLanguage\":\"en-US\",\"potentialAction\":[{\"@type\":\"ReadAction\",\"target\":[\"https:\/\/anarpam.mr\/en\/lagence\/\"]}]},{\"@type\":\"BreadcrumbList\",\"@id\":\"https:\/\/anarpam.mr\/en\/lagence\/#breadcrumb\",\"itemListElement\":[{\"@type\":\"ListItem\",\"position\":1,\"name\":\"Accueil\",\"item\":\"https:\/\/anarpam.mr\/en\/\"},{\"@type\":\"ListItem\",\"position\":2,\"name\":\"l\\u2019Agence\"}]}]}<\/script>\n<!-- \/ Yoast SEO plugin. -->","yoast_head_json":{"title":"l\u2019Agence - ANARPAM","robots":{"index":"index","follow":"follow","max-snippet":"max-snippet:-1","max-image-preview":"max-image-preview:large","max-video-preview":"max-video-preview:-1"},"canonical":"https:\/\/anarpam.mr\/en\/lagence\/","og_locale":"en_US","og_type":"article","og_title":"l\u2019Agence - ANARPAM","og_description":"A propos de l\u2019ANARPAM L\u2019ANARPAM a absorb\u00e9 L\u2019Office Mauritanien de Recherches G\u00e9ologiques (OMRG), cr\u00e9\u00e9 en 1980 et subroge la Soci\u00e9t\u00e9 Mauritanienne des Hydrocarbures et du Patrimoine Minier (SMHPM) dans tous&hellip;","og_url":"https:\/\/anarpam.mr\/en\/lagence\/","og_site_name":"ANARPAM","article_modified_time":"2022-11-11T11:02:12+00:00","og_image":[{"url":"https:\/\/anarpam.mr\/wp-content\/uploads\/2022\/10\/IMG_1494-1.jpg"}],"twitter_card":"summary_large_image","schema":{"@context":"https:\/\/schema.org","@graph":[{"@type":"Organization","@id":"https:\/\/anarpam.mr\/en\/#organization","name":"ANARPAM","url":"https:\/\/anarpam.mr\/en\/","sameAs":[],"logo":{"@type":"ImageObject","@id":"https:\/\/anarpam.mr\/en\/#logo","inLanguage":"en-US","url":"https:\/\/anarpam.mr\/wp-content\/uploads\/2026\/04\/favicon-master-512.png","contentUrl":"https:\/\/anarpam.mr\/wp-content\/uploads\/2026\/04\/favicon-master-512.png","width":512,"height":512,"caption":"ANARPAM"},"image":{"@id":"https:\/\/anarpam.mr\/en\/#logo"}},{"@type":"WebSite","@id":"https:\/\/anarpam.mr\/en\/#website","url":"https:\/\/anarpam.mr\/en\/","name":"ANARPAM","description":"","publisher":{"@id":"https:\/\/anarpam.mr\/en\/#organization"},"potentialAction":[{"@type":"SearchAction","target":{"@type":"EntryPoint","urlTemplate":"https:\/\/anarpam.mr\/en\/?s={search_term_string}"},"query-input":"required name=search_term_string"}],"inLanguage":"en-US"},{"@type":"ImageObject","@id":"https:\/\/anarpam.mr\/en\/lagence\/#primaryimage","inLanguage":"en-US","url":"https:\/\/anarpam.mr\/wp-content\/uploads\/2022\/10\/IMG_1494-1.jpg","contentUrl":"https:\/\/anarpam.mr\/wp-content\/uploads\/2022\/10\/IMG_1494-1.jpg","width":5184,"height":3456},{"@type":"WebPage","@id":"https:\/\/anarpam.mr\/en\/lagence\/#webpage","url":"https:\/\/anarpam.mr\/en\/lagence\/","name":"l\u2019Agence - ANARPAM","isPartOf":{"@id":"https:\/\/anarpam.mr\/en\/#website"},"primaryImageOfPage":{"@id":"https:\/\/anarpam.mr\/en\/lagence\/#primaryimage"},"datePublished":"2022-10-29T04:57:28+00:00","dateModified":"2022-11-11T11:02:12+00:00","breadcrumb":{"@id":"https:\/\/anarpam.mr\/en\/lagence\/#breadcrumb"},"inLanguage":"en-US","potentialAction":[{"@type":"ReadAction","target":["https:\/\/anarpam.mr\/en\/lagence\/"]}]},{"@type":"BreadcrumbList","@id":"https:\/\/anarpam.mr\/en\/lagence\/#breadcrumb","itemListElement":[{"@type":"ListItem","position":1,"name":"Accueil","item":"https:\/\/anarpam.mr\/en\/"},{"@type":"ListItem","position":2,"name":"l\u2019Agence"}]}]}},"_links":{"self":[{"href":"https:\/\/anarpam.mr\/en\/wp-json\/wp\/v2\/pages\/389","targetHints":{"allow":["GET"]}}],"collection":[{"href":"https:\/\/anarpam.mr\/en\/wp-json\/wp\/v2\/pages"}],"about":[{"href":"https:\/\/anarpam.mr\/en\/wp-json\/wp\/v2\/types\/page"}],"author":[{"embeddable":true,"href":"https:\/\/anarpam.mr\/en\/wp-json\/wp\/v2\/users\/1"}],"replies":[{"embeddable":true,"href":"https:\/\/anarpam.mr\/en\/wp-json\/wp\/v2\/comments?post=389"}],"version-history":[{"count":10,"href":"https:\/\/anarpam.mr\/en\/wp-json\/wp\/v2\/pages\/389\/revisions"}],"predecessor-version":[{"id":1982,"href":"https:\/\/anarpam.mr\/en\/wp-json\/wp\/v2\/pages\/389\/revisions\/1982"}],"wp:attachment":[{"href":"https:\/\/anarpam.mr\/en\/wp-json\/wp\/v2\/media?parent=389"}],"curies":[{"name":"wp","href":"https:\/\/api.w.org\/{rel}","templated":true}]}}