{"id":405,"date":"2022-10-29T05:07:42","date_gmt":"2022-10-29T05:07:42","guid":{"rendered":"https:\/\/anarpam.mr\/?page_id=405"},"modified":"2022-10-31T06:47:26","modified_gmt":"2022-10-31T06:47:26","slug":"mediatheque","status":"publish","type":"page","link":"https:\/\/anarpam.mr\/ar\/mediatheque\/","title":{"rendered":"\u0627\u0644\u0635\u0648\u062a\u064a\u0627\u062a \u0648 \u0627\u0644\u0645\u0631\u0626\u064a\u0627\u062a"},"content":{"rendered":"<div data-elementor-type=\"wp-page\" data-elementor-id=\"405\" class=\"elementor elementor-405\" data-elementor-post-type=\"page\">\n\t\t\t\t\t\t<div class=\"elementor-inner\">\n\t\t\t\t<div class=\"elementor-section-wrap\">\n\t\t\t\t\t\t\t\t\t<section class=\"penci-section penci-dmcheck penci-elbg-activate penci-disSticky penci-structure-10 elementor-section elementor-top-section elementor-element elementor-element-c764405 elementor-section-boxed elementor-section-height-default elementor-section-height-default\" data-id=\"c764405\" data-element_type=\"section\" data-settings=\"{&quot;background_background&quot;:&quot;classic&quot;}\">\n\t\t\t\t\t\t<div class=\"elementor-container elementor-column-gap-no\">\n\t\t\t\t\t\t\t<div class=\"elementor-row\">\n\t\t\t\t\t<div class=\"penci-ercol-100 penci-ercol-order-1 penci-sticky-ct    elementor-column elementor-col-100 elementor-top-column elementor-element elementor-element-3892686\" data-id=\"3892686\" data-element_type=\"column\">\n\t\t\t<div class=\"theiaStickySidebar elementor-column-wrap elementor-element-populated\">\n\t\t\t\t\t\t\t<div class=\"elementor-widget-wrap\">\n\t\t\t\t\t\t<div class=\"elementor-element elementor-element-6029b13 elementor-widget elementor-widget-penci-fancy_heading\" data-id=\"6029b13\" data-element_type=\"widget\" data-widget_type=\"penci-fancy_heading.default\">\n\t\t\t\t<div class=\"elementor-widget-container\">\n\t\t\t\t\t<div class=\"penci-fancy-heading penci-heading-text-center\">\n\t\t\t<div class=\"penci-fancy-heading-inner\">\n\t\t\t\t<h2 class=\"penci-heading-title\"><span class=\"inner-tit\">\u0627\u0644\u0635\u0648\u062a\u064a\u0627\u062a \u0648 \u0627\u0644\u0645\u0631\u0626\u064a\u0627\u062a<\/span><\/h2>\t\t\t<\/div>\n\t\t<\/div>\n\t\t\t\t<\/div>\n\t\t\t\t<\/div>\n\t\t\t\t\t\t<\/div>\n\t\t\t\t\t<\/div>\n\t\t<\/div>\n\t\t\t\t\t\t\t\t<\/div>\n\t\t\t\t\t<\/div>\n\t\t<\/section>\n\t\t\t\t<section class=\"penci-section penci-disSticky penci-structure-10 elementor-section elementor-top-section elementor-element elementor-element-a6abd1f elementor-section-boxed elementor-section-height-default elementor-section-height-default\" data-id=\"a6abd1f\" data-element_type=\"section\">\n\t\t\t\t\t\t<div class=\"elementor-container elementor-column-gap-default\">\n\t\t\t\t\t\t\t<div class=\"elementor-row\">\n\t\t\t\t\t<div class=\"penci-ercol-100 penci-ercol-order-1 penci-sticky-ct    elementor-column elementor-col-100 elementor-top-column elementor-element elementor-element-667d514\" data-id=\"667d514\" data-element_type=\"column\">\n\t\t\t<div class=\"theiaStickySidebar elementor-column-wrap elementor-element-populated\">\n\t\t\t\t\t\t\t<div class=\"elementor-widget-wrap\">\n\t\t\t\t\t\t<div class=\"elementor-element elementor-element-2f3651a elementor-widget elementor-widget-image-gallery\" data-id=\"2f3651a\" data-element_type=\"widget\" data-widget_type=\"image-gallery.default\">\n\t\t\t\t<div class=\"elementor-widget-container\">\n\t\t\t<style>\/*! elementor - v3.17.0 - 01-11-2023 *\/\n.elementor-image-gallery .gallery-item{display:inline-block;text-align:center;vertical-align:top;width:100%;max-width:100%;margin:0 auto}.elementor-image-gallery .gallery-item img{margin:0 auto}.elementor-image-gallery .gallery-item .gallery-caption{margin:0}.elementor-image-gallery figure img{display:block}.elementor-image-gallery figure figcaption{width:100%}.gallery-spacing-custom .elementor-image-gallery .gallery-icon{padding:0}@media (min-width:768px){.elementor-image-gallery .gallery-columns-2 .gallery-item{max-width:50%}.elementor-image-gallery .gallery-columns-3 .gallery-item{max-width:33.33%}.elementor-image-gallery .gallery-columns-4 .gallery-item{max-width:25%}.elementor-image-gallery .gallery-columns-5 .gallery-item{max-width:20%}.elementor-image-gallery .gallery-columns-6 .gallery-item{max-width:16.666%}.elementor-image-gallery .gallery-columns-7 .gallery-item{max-width:14.28%}.elementor-image-gallery .gallery-columns-8 .gallery-item{max-width:12.5%}.elementor-image-gallery .gallery-columns-9 .gallery-item{max-width:11.11%}.elementor-image-gallery .gallery-columns-10 .gallery-item{max-width:10%}}@media (min-width:480px) and (max-width:767px){.elementor-image-gallery .gallery.gallery-columns-2 .gallery-item,.elementor-image-gallery .gallery.gallery-columns-3 .gallery-item,.elementor-image-gallery .gallery.gallery-columns-4 .gallery-item,.elementor-image-gallery .gallery.gallery-columns-5 .gallery-item,.elementor-image-gallery .gallery.gallery-columns-6 .gallery-item,.elementor-image-gallery .gallery.gallery-columns-7 .gallery-item,.elementor-image-gallery .gallery.gallery-columns-8 .gallery-item,.elementor-image-gallery .gallery.gallery-columns-9 .gallery-item,.elementor-image-gallery .gallery.gallery-columns-10 .gallery-item{max-width:50%}}@media (max-width:479px){.elementor-image-gallery .gallery.gallery-columns-2 .gallery-item,.elementor-image-gallery .gallery.gallery-columns-3 .gallery-item,.elementor-image-gallery .gallery.gallery-columns-4 .gallery-item,.elementor-image-gallery .gallery.gallery-columns-5 .gallery-item,.elementor-image-gallery .gallery.gallery-columns-6 .gallery-item,.elementor-image-gallery .gallery.gallery-columns-7 .gallery-item,.elementor-image-gallery .gallery.gallery-columns-8 .gallery-item,.elementor-image-gallery .gallery.gallery-columns-9 .gallery-item,.elementor-image-gallery .gallery.gallery-columns-10 .gallery-item{max-width:100%}}<\/style>\t\t<div class=\"elementor-image-gallery\">\n\t\t\t<div data-sliderid=\"94236\" id=\"penci-post-gallery__94236\" class=\"penci-post-gallery-container justified column-4\" data-height=\"150\" data-margin=\"3\"><a class=\"penci-gallery-ite item-gallery-justified\" href=\"https:\/\/anarpam.mr\/wp-content\/uploads\/2022\/10\/100_0641.jpg\" data-rel=\"penci-gallery-image-content\" ><img decoding=\"async\" src=\"https:\/\/anarpam.mr\/wp-content\/uploads\/2022\/10\/100_0641.jpg\" alt=\"\" title=\"100_0641\"><\/a><a class=\"penci-gallery-ite item-gallery-justified\" href=\"https:\/\/anarpam.mr\/wp-content\/uploads\/2022\/10\/img_3-scaled-1.jpg\" data-rel=\"penci-gallery-image-content\" ><img decoding=\"async\" src=\"https:\/\/anarpam.mr\/wp-content\/uploads\/2022\/10\/img_3-scaled-1.jpg\" alt=\"\" title=\"img_3-scaled\"><\/a><a class=\"penci-gallery-ite item-gallery-justified\" href=\"https:\/\/anarpam.mr\/wp-content\/uploads\/2022\/10\/Photo-196.jpg\" data-rel=\"penci-gallery-image-content\" ><img decoding=\"async\" src=\"https:\/\/anarpam.mr\/wp-content\/uploads\/2022\/10\/Photo-196.jpg\" alt=\"\" title=\"Photo-196\"><\/a><a class=\"penci-gallery-ite item-gallery-justified\" href=\"https:\/\/anarpam.mr\/wp-content\/uploads\/2022\/10\/Photo-198.jpg\" data-rel=\"penci-gallery-image-content\" ><img decoding=\"async\" src=\"https:\/\/anarpam.mr\/wp-content\/uploads\/2022\/10\/Photo-198.jpg\" alt=\"\" title=\"Photo-198\"><\/a><a class=\"penci-gallery-ite item-gallery-justified\" href=\"https:\/\/anarpam.mr\/wp-content\/uploads\/2022\/10\/Photo-265.jpg\" data-rel=\"penci-gallery-image-content\" ><img decoding=\"async\" src=\"https:\/\/anarpam.mr\/wp-content\/uploads\/2022\/10\/Photo-265.jpg\" alt=\"\" title=\"Photo-265\"><\/a><\/div>\t\t<\/div>\n\t\t\t\t<\/div>\n\t\t\t\t<\/div>\n\t\t\t\t\t\t<\/div>\n\t\t\t\t\t<\/div>\n\t\t<\/div>\n\t\t\t\t\t\t\t\t<\/div>\n\t\t\t\t\t<\/div>\n\t\t<\/section>\n\t\t\t\t\t\t\t\t\t<\/div>\n\t\t\t<\/div>\n\t\t\t\t\t<\/div>","protected":false},"excerpt":{"rendered":"<p>M\u00e9diath\u00e8que DIGITAL CAMERA<\/p>","protected":false},"author":1,"featured_media":0,"parent":0,"menu_order":0,"comment_status":"closed","ping_status":"closed","template":"page-fullwidth.php","meta":{"_lmt_disableupdate":"","_lmt_disable":"","footnotes":""},"class_list":["post-405","page","type-page","status-publish","hentry"],"yoast_head":"<!-- This site is optimized with the Yoast SEO plugin v16.9 - https:\/\/yoast.com\/wordpress\/plugins\/seo\/ -->\n<title>M\u00e9diath\u00e8que - ANARPAM<\/title>\n<meta name=\"robots\" content=\"index, follow, max-snippet:-1, max-image-preview:large, max-video-preview:-1\" \/>\n<link rel=\"canonical\" href=\"https:\/\/anarpam.mr\/ar\/mediatheque\/\" \/>\n<meta property=\"og:locale\" content=\"ar_AR\" \/>\n<meta property=\"og:type\" content=\"article\" \/>\n<meta property=\"og:title\" content=\"M\u00e9diath\u00e8que - ANARPAM\" \/>\n<meta property=\"og:description\" content=\"M\u00e9diath\u00e8que DIGITAL CAMERA\" \/>\n<meta property=\"og:url\" content=\"https:\/\/anarpam.mr\/ar\/mediatheque\/\" \/>\n<meta property=\"og:site_name\" content=\"ANARPAM\" \/>\n<meta property=\"article:modified_time\" content=\"2022-10-31T06:47:26+00:00\" \/>\n<meta property=\"og:image\" content=\"https:\/\/anarpam.mr\/wp-content\/uploads\/2022\/10\/100_0638-1.jpg\" \/>\n<meta name=\"twitter:card\" content=\"summary_large_image\" \/>\n<script type=\"application\/ld+json\" class=\"yoast-schema-graph\">{\"@context\":\"https:\/\/schema.org\",\"@graph\":[{\"@type\":\"Organization\",\"@id\":\"https:\/\/anarpam.mr\/ar\/#organization\",\"name\":\"ANARPAM\",\"url\":\"https:\/\/anarpam.mr\/ar\/\",\"sameAs\":[],\"logo\":{\"@type\":\"ImageObject\",\"@id\":\"https:\/\/anarpam.mr\/ar\/#logo\",\"inLanguage\":\"ar\",\"url\":\"https:\/\/anarpam.mr\/wp-content\/uploads\/2026\/04\/favicon-master-512.png\",\"contentUrl\":\"https:\/\/anarpam.mr\/wp-content\/uploads\/2026\/04\/favicon-master-512.png\",\"width\":512,\"height\":512,\"caption\":\"ANARPAM\"},\"image\":{\"@id\":\"https:\/\/anarpam.mr\/ar\/#logo\"}},{\"@type\":\"WebSite\",\"@id\":\"https:\/\/anarpam.mr\/ar\/#website\",\"url\":\"https:\/\/anarpam.mr\/ar\/\",\"name\":\"ANARPAM\",\"description\":\"\",\"publisher\":{\"@id\":\"https:\/\/anarpam.mr\/ar\/#organization\"},\"potentialAction\":[{\"@type\":\"SearchAction\",\"target\":{\"@type\":\"EntryPoint\",\"urlTemplate\":\"https:\/\/anarpam.mr\/ar\/?s={search_term_string}\"},\"query-input\":\"required name=search_term_string\"}],\"inLanguage\":\"ar\"},{\"@type\":\"ImageObject\",\"@id\":\"https:\/\/anarpam.mr\/ar\/mediatheque\/#primaryimage\",\"inLanguage\":\"ar\",\"url\":\"https:\/\/anarpam.mr\/wp-content\/uploads\/2022\/10\/100_0638-1.jpg\",\"contentUrl\":\"https:\/\/anarpam.mr\/wp-content\/uploads\/2022\/10\/100_0638-1.jpg\"},{\"@type\":\"WebPage\",\"@id\":\"https:\/\/anarpam.mr\/ar\/mediatheque\/#webpage\",\"url\":\"https:\/\/anarpam.mr\/ar\/mediatheque\/\",\"name\":\"M\\u00e9diath\\u00e8que - ANARPAM\",\"isPartOf\":{\"@id\":\"https:\/\/anarpam.mr\/ar\/#website\"},\"primaryImageOfPage\":{\"@id\":\"https:\/\/anarpam.mr\/ar\/mediatheque\/#primaryimage\"},\"datePublished\":\"2022-10-29T05:07:42+00:00\",\"dateModified\":\"2022-10-31T06:47:26+00:00\",\"breadcrumb\":{\"@id\":\"https:\/\/anarpam.mr\/ar\/mediatheque\/#breadcrumb\"},\"inLanguage\":\"ar\",\"potentialAction\":[{\"@type\":\"ReadAction\",\"target\":[\"https:\/\/anarpam.mr\/ar\/mediatheque\/\"]}]},{\"@type\":\"BreadcrumbList\",\"@id\":\"https:\/\/anarpam.mr\/ar\/mediatheque\/#breadcrumb\",\"itemListElement\":[{\"@type\":\"ListItem\",\"position\":1,\"name\":\"Accueil\",\"item\":\"https:\/\/anarpam.mr\/ar\/\"},{\"@type\":\"ListItem\",\"position\":2,\"name\":\"M\\u00e9diath\\u00e8que\"}]}]}<\/script>\n<!-- \/ Yoast SEO plugin. -->","yoast_head_json":{"title":"M\u00e9diath\u00e8que - ANARPAM","robots":{"index":"index","follow":"follow","max-snippet":"max-snippet:-1","max-image-preview":"max-image-preview:large","max-video-preview":"max-video-preview:-1"},"canonical":"https:\/\/anarpam.mr\/ar\/mediatheque\/","og_locale":"ar_AR","og_type":"article","og_title":"M\u00e9diath\u00e8que - ANARPAM","og_description":"M\u00e9diath\u00e8que DIGITAL CAMERA","og_url":"https:\/\/anarpam.mr\/ar\/mediatheque\/","og_site_name":"ANARPAM","article_modified_time":"2022-10-31T06:47:26+00:00","og_image":[{"url":"https:\/\/anarpam.mr\/wp-content\/uploads\/2022\/10\/100_0638-1.jpg"}],"twitter_card":"summary_large_image","schema":{"@context":"https:\/\/schema.org","@graph":[{"@type":"Organization","@id":"https:\/\/anarpam.mr\/ar\/#organization","name":"ANARPAM","url":"https:\/\/anarpam.mr\/ar\/","sameAs":[],"logo":{"@type":"ImageObject","@id":"https:\/\/anarpam.mr\/ar\/#logo","inLanguage":"ar","url":"https:\/\/anarpam.mr\/wp-content\/uploads\/2026\/04\/favicon-master-512.png","contentUrl":"https:\/\/anarpam.mr\/wp-content\/uploads\/2026\/04\/favicon-master-512.png","width":512,"height":512,"caption":"ANARPAM"},"image":{"@id":"https:\/\/anarpam.mr\/ar\/#logo"}},{"@type":"WebSite","@id":"https:\/\/anarpam.mr\/ar\/#website","url":"https:\/\/anarpam.mr\/ar\/","name":"ANARPAM","description":"","publisher":{"@id":"https:\/\/anarpam.mr\/ar\/#organization"},"potentialAction":[{"@type":"SearchAction","target":{"@type":"EntryPoint","urlTemplate":"https:\/\/anarpam.mr\/ar\/?s={search_term_string}"},"query-input":"required name=search_term_string"}],"inLanguage":"ar"},{"@type":"ImageObject","@id":"https:\/\/anarpam.mr\/ar\/mediatheque\/#primaryimage","inLanguage":"ar","url":"https:\/\/anarpam.mr\/wp-content\/uploads\/2022\/10\/100_0638-1.jpg","contentUrl":"https:\/\/anarpam.mr\/wp-content\/uploads\/2022\/10\/100_0638-1.jpg"},{"@type":"WebPage","@id":"https:\/\/anarpam.mr\/ar\/mediatheque\/#webpage","url":"https:\/\/anarpam.mr\/ar\/mediatheque\/","name":"M\u00e9diath\u00e8que - ANARPAM","isPartOf":{"@id":"https:\/\/anarpam.mr\/ar\/#website"},"primaryImageOfPage":{"@id":"https:\/\/anarpam.mr\/ar\/mediatheque\/#primaryimage"},"datePublished":"2022-10-29T05:07:42+00:00","dateModified":"2022-10-31T06:47:26+00:00","breadcrumb":{"@id":"https:\/\/anarpam.mr\/ar\/mediatheque\/#breadcrumb"},"inLanguage":"ar","potentialAction":[{"@type":"ReadAction","target":["https:\/\/anarpam.mr\/ar\/mediatheque\/"]}]},{"@type":"BreadcrumbList","@id":"https:\/\/anarpam.mr\/ar\/mediatheque\/#breadcrumb","itemListElement":[{"@type":"ListItem","position":1,"name":"Accueil","item":"https:\/\/anarpam.mr\/ar\/"},{"@type":"ListItem","position":2,"name":"M\u00e9diath\u00e8que"}]}]}},"_links":{"self":[{"href":"https:\/\/anarpam.mr\/ar\/wp-json\/wp\/v2\/pages\/405","targetHints":{"allow":["GET"]}}],"collection":[{"href":"https:\/\/anarpam.mr\/ar\/wp-json\/wp\/v2\/pages"}],"about":[{"href":"https:\/\/anarpam.mr\/ar\/wp-json\/wp\/v2\/types\/page"}],"author":[{"embeddable":true,"href":"https:\/\/anarpam.mr\/ar\/wp-json\/wp\/v2\/users\/1"}],"replies":[{"embeddable":true,"href":"https:\/\/anarpam.mr\/ar\/wp-json\/wp\/v2\/comments?post=405"}],"version-history":[{"count":4,"href":"https:\/\/anarpam.mr\/ar\/wp-json\/wp\/v2\/pages\/405\/revisions"}],"predecessor-version":[{"id":770,"href":"https:\/\/anarpam.mr\/ar\/wp-json\/wp\/v2\/pages\/405\/revisions\/770"}],"wp:attachment":[{"href":"https:\/\/anarpam.mr\/ar\/wp-json\/wp\/v2\/media?parent=405"}],"curies":[{"name":"wp","href":"https:\/\/api.w.org\/{rel}","templated":true}]}}