{"id":399,"date":"2022-10-29T05:04:04","date_gmt":"2022-10-29T05:04:04","guid":{"rendered":"https:\/\/anarpam.mr\/?page_id=399"},"modified":"2022-10-31T06:36:48","modified_gmt":"2022-10-31T06:36:48","slug":"formations","status":"publish","type":"page","link":"https:\/\/anarpam.mr\/ar\/formations\/","title":{"rendered":"\u0627\u0644\u062a\u0643\u0648\u064a\u0646"},"content":{"rendered":"<div data-elementor-type=\"wp-page\" data-elementor-id=\"399\" class=\"elementor elementor-399\" data-elementor-post-type=\"page\">\n\t\t\t\t\t\t<div class=\"elementor-inner\">\n\t\t\t\t<div class=\"elementor-section-wrap\">\n\t\t\t\t\t\t\t\t\t<section class=\"penci-section penci-dmcheck penci-elbg-activate penci-disSticky penci-structure-10 elementor-section elementor-top-section elementor-element elementor-element-22cd8b5 elementor-section-boxed elementor-section-height-default elementor-section-height-default\" data-id=\"22cd8b5\" data-element_type=\"section\" data-settings=\"{&quot;background_background&quot;:&quot;classic&quot;}\">\n\t\t\t\t\t\t<div class=\"elementor-container elementor-column-gap-no\">\n\t\t\t\t\t\t\t<div class=\"elementor-row\">\n\t\t\t\t\t<div class=\"penci-ercol-100 penci-ercol-order-1 penci-sticky-ct    elementor-column elementor-col-100 elementor-top-column elementor-element elementor-element-1853435\" data-id=\"1853435\" data-element_type=\"column\">\n\t\t\t<div class=\"theiaStickySidebar elementor-column-wrap elementor-element-populated\">\n\t\t\t\t\t\t\t<div class=\"elementor-widget-wrap\">\n\t\t\t\t\t\t<div class=\"elementor-element elementor-element-526ed8d elementor-widget elementor-widget-penci-fancy_heading\" data-id=\"526ed8d\" data-element_type=\"widget\" data-widget_type=\"penci-fancy_heading.default\">\n\t\t\t\t<div class=\"elementor-widget-container\">\n\t\t\t\t\t<div class=\"penci-fancy-heading penci-heading-text-center\">\n\t\t\t<div class=\"penci-fancy-heading-inner\">\n\t\t\t\t<h2 class=\"penci-heading-title\"><span class=\"inner-tit\">\u0627\u0644\u062a\u0643\u0648\u064a\u0646<\/span><\/h2>\t\t\t<\/div>\n\t\t<\/div>\n\t\t\t\t<\/div>\n\t\t\t\t<\/div>\n\t\t\t\t<div class=\"elementor-element elementor-element-cddb1b3 elementor-widget elementor-widget-text-editor\" data-id=\"cddb1b3\" data-element_type=\"widget\" data-widget_type=\"text-editor.default\">\n\t\t\t\t<div class=\"elementor-widget-container\">\n\t\t\t<style>\/*! elementor - v3.17.0 - 01-11-2023 *\/\n.elementor-widget-text-editor.elementor-drop-cap-view-stacked .elementor-drop-cap{background-color:#69727d;color:#fff}.elementor-widget-text-editor.elementor-drop-cap-view-framed .elementor-drop-cap{color:#69727d;border:3px solid;background-color:transparent}.elementor-widget-text-editor:not(.elementor-drop-cap-view-default) .elementor-drop-cap{margin-top:8px}.elementor-widget-text-editor:not(.elementor-drop-cap-view-default) .elementor-drop-cap-letter{width:1em;height:1em}.elementor-widget-text-editor .elementor-drop-cap{float:left;text-align:center;line-height:1;font-size:50px}.elementor-widget-text-editor .elementor-drop-cap-letter{display:inline-block}<\/style>\t\t\t\t\t<div class=\"elementor-text-editor elementor-clearfix\">\n\t\t\t\t<p>\u062a\u0642\u062f\u0645 \u0627\u0644\u0648\u0643\u0627\u0644\u0629 \u0644\u0634\u0631\u0643\u0627\u0626\u0647\u0627 \u062f\u0648\u0631\u0627\u062a \u062a\u062f\u0631\u064a\u0628\u064a\u0629 \u0644\u062a\u0639\u0632\u064a\u0632 \u0627\u0644\u0642\u062f\u0631\u0627\u062a \u0627\u0644\u0628\u0634\u0631\u064a\u0629 \u0644\u0644\u0641\u0631\u0642 \u0627\u0644\u0639\u0627\u0645\u0644\u0629 \u0641\u064a \u0627\u0644\u0628\u062d\u0648\u062b \u0627\u0644\u062c\u064a\u0648\u0644\u0648\u062c\u064a\u0629 \u0648\u0627\u0644\u062a\u0639\u062f\u064a\u0646.<\/p>\t\t\t\t\t<\/div>\n\t\t\t\t\t\t<\/div>\n\t\t\t\t<\/div>\n\t\t\t\t\t\t<\/div>\n\t\t\t\t\t<\/div>\n\t\t<\/div>\n\t\t\t\t\t\t\t\t<\/div>\n\t\t\t\t\t<\/div>\n\t\t<\/section>\n\t\t\t\t<section class=\"penci-section penci-disSticky penci-structure-20 elementor-section elementor-top-section elementor-element elementor-element-9d98fb0 elementor-section-content-middle elementor-section-boxed elementor-section-height-default elementor-section-height-default\" data-id=\"9d98fb0\" data-element_type=\"section\">\n\t\t\t\t\t\t<div class=\"elementor-container elementor-column-gap-no\">\n\t\t\t\t\t\t\t<div class=\"elementor-row\">\n\t\t\t\t\t<div class=\"penci-ercol-50 penci-ercol-order-1 penci-sticky-ct  penci-dmcheck penci-elbg-activate  elementor-column elementor-col-50 elementor-top-column elementor-element elementor-element-c081ac2\" data-id=\"c081ac2\" data-element_type=\"column\" data-settings=\"{&quot;background_background&quot;:&quot;classic&quot;}\">\n\t\t\t<div class=\"theiaStickySidebar elementor-column-wrap elementor-element-populated\">\n\t\t\t\t\t\t\t<div class=\"elementor-widget-wrap\">\n\t\t\t\t\t\t<div class=\"elementor-element elementor-element-e317b97 elementor-widget elementor-widget-image\" data-id=\"e317b97\" data-element_type=\"widget\" data-widget_type=\"image.default\">\n\t\t\t\t<div class=\"elementor-widget-container\">\n\t\t\t<style>\/*! elementor - v3.17.0 - 01-11-2023 *\/\n.elementor-widget-image{text-align:center}.elementor-widget-image a{display:inline-block}.elementor-widget-image a img[src$=\".svg\"]{width:48px}.elementor-widget-image img{vertical-align:middle;display:inline-block}<\/style>\t\t\t\t\t<div class=\"elementor-image\">\n\t\t\t\t\t\t\t\t\t\t\t\t<img decoding=\"async\" src=\"https:\/\/anarpam.mr\/wp-content\/uploads\/2022\/10\/Lecture.jpg\" title=\"\" alt=\"\" loading=\"lazy\" \/>\t\t\t\t\t\t\t\t\t\t\t\t\t\t<\/div>\n\t\t\t\t\t\t<\/div>\n\t\t\t\t<\/div>\n\t\t\t\t\t\t<\/div>\n\t\t\t\t\t<\/div>\n\t\t<\/div>\n\t\t\t\t<div class=\"penci-ercol-50 penci-ercol-order-2 penci-sticky-ct  penci-dmcheck penci-elbg-activate  elementor-column elementor-col-50 elementor-top-column elementor-element elementor-element-cc413fd\" data-id=\"cc413fd\" data-element_type=\"column\" data-settings=\"{&quot;background_background&quot;:&quot;classic&quot;}\">\n\t\t\t<div class=\"theiaStickySidebar elementor-column-wrap elementor-element-populated\">\n\t\t\t\t\t\t\t<div class=\"elementor-widget-wrap\">\n\t\t\t\t\t\t<div class=\"elementor-element elementor-element-ff2643a elementor-widget elementor-widget-penci-fancy_heading\" data-id=\"ff2643a\" data-element_type=\"widget\" data-widget_type=\"penci-fancy_heading.default\">\n\t\t\t\t<div class=\"elementor-widget-container\">\n\t\t\t\t\t<div class=\"penci-fancy-heading penci-heading-text-center\">\n\t\t\t<div class=\"penci-fancy-heading-inner\">\n\t\t\t\t<h2 class=\"penci-heading-title\"><span class=\"inner-tit\">\u0639\u0631\u0648\u0636 \u0627\u0644\u062a\u062f\u0631\u064a\u0628<\/span><\/h2>\t\t\t<\/div>\n\t\t<\/div>\n\t\t\t\t<\/div>\n\t\t\t\t<\/div>\n\t\t\t\t<div class=\"elementor-element elementor-element-6455b8a elementor-widget elementor-widget-text-editor\" data-id=\"6455b8a\" data-element_type=\"widget\" data-widget_type=\"text-editor.default\">\n\t\t\t\t<div class=\"elementor-widget-container\">\n\t\t\t\t\t\t\t\t<div class=\"elementor-text-editor elementor-clearfix\">\n\t\t\t\t<ol><li><strong><u>\u0627\u0644\u0625\u0633\u062a\u0643\u0634\u0627\u0641 \u0627\u0644\u062c\u064a\u0648\u0644\u0648\u062c\u064a<\/u><\/strong><\/li><\/ol><p>\u0647\u0630\u0647 \u0627\u0644\u062f\u0648\u0631\u0629 \u0645\u0639\u062f\u0629 \u0644\u0644\u062c\u064a\u0648\u0644\u0648\u062c\u064a\u064a\u0646 \u0627\u0644\u0645\u0628\u062a\u062f\u0626\u064a\u0646 \u0641\u064a \u0623\u0634\u063a\u0627\u0644 \u0627\u0644\u062a\u0646\u0642\u064a\u0628 \u0627\u0644\u062c\u064a\u0648\u0644\u0648\u062c\u064a<\/p><p>\u00a0<\/p><ul><li>\u0627\u0644\u0647\u062f\u0641: \u062a\u0639\u0631\u064a\u0641 \u0627\u0644\u062c\u064a\u0648\u0644\u0648\u062c\u064a\u064a\u0646 \u0628\u0623\u0633\u0627\u0644\u064a\u0628 \u0627\u0644\u0627\u0633\u062a\u0643\u0634\u0627\u0641 \u0627\u0644\u062c\u064a\u0648\u0644\u0648\u062c\u064a \u0627\u0644\u0645\u0633\u062a\u062e\u062f\u0645\u0629 \u0641\u064a \u0645\u0648\u0631\u064a\u062a\u0627\u0646\u064a\u0627.<\/li><\/ul><ul><li>\u0627\u0644\u0645\u062d\u062a\u0648\u0649: \u0645\u0628\u0627\u062f\u0626 \u0627\u0644\u0643\u064a\u0645\u064a\u0627\u0621 \u0627\u0644\u062c\u064a\u0648\u0644\u0648\u062c\u064a\u0629 \u060c \u0627\u0644\u062a\u0631\u0628\u0629 \u060c \u0627\u0644\u0635\u062e\u0648\u0631 \u060c \u0637\u0631\u0642 \u0623\u062e\u0630 \u0639\u064a\u0646\u0627\u062a \u0627\u0644\u0631\u0648\u0627\u0633\u0628 \u060c \u0627\u0644\u0642\u064a\u0627\u0633\u0627\u062a \u0627\u0644\u0625\u0646\u0634\u0627\u0626\u064a\u0629 \u060c \u0627\u0644\u062e\u0631\u0627\u0626\u0637 \u0627\u0644\u062c\u064a\u0648\u0644\u0648\u062c\u064a\u0629.<\/li><\/ul><ul><li>\u0627\u0644\u0645\u062f\u0629 : 3 \u0627\u0644\u0649 4 \u0627\u0633\u0627\u0628\u064a\u0639<\/li><\/ul><p>\u00a0<\/p><ol start=\"2\"><li><strong><u>\u0627\u0644\u062a\u0635\u0645\u064a\u0645 \u0627\u0644\u062c\u064a\u0648\u0644\u0648\u062c\u064a<\/u><\/strong><\/li><\/ol><p>\u0647\u0630\u0647 \u0627\u0644\u062f\u0648\u0631\u0629 \u0627\u0644\u062a\u062f\u0631\u064a\u0628\u064a\u0629 \u0627\u0644\u0645\u062a\u0642\u062f\u0645\u0629 \u0645\u062e\u0635\u0635\u0629 \u0644\u0644\u062c\u064a\u0648\u0644\u0648\u062c\u064a\u064a\u0646 \u0630\u0648\u064a \u0627\u0644\u062e\u0628\u0631\u0629 \u0641\u064a \u0623\u0639\u0645\u0627\u0644 \u0627\u0644\u062d\u0641\u0631 \u0627\u0644\u062c\u064a\u0648\u0644\u0648\u062c\u064a \u0648\u0627\u0644\u0630\u064a\u0646 \u064a\u0631\u063a\u0628\u0648\u0646 \u0641\u064a \u062a\u0648\u0633\u064a\u0639 \u0645\u0639\u0631\u0641\u062a\u0647\u0645 \u0641\u064a \u062a\u0641\u0633\u064a\u0631 \u0628\u064a\u0627\u0646\u0627\u062a \u0627\u0644\u062d\u0641\u0631.<\/p><p>\u00a0<\/p><ul><li>\u0627\u0644\u0647\u062f\u0641: \u062a\u0648\u062c\u064a\u0647 \u0627\u0644\u062c\u064a\u0648\u0644\u0648\u062c\u064a\u064a\u0646 \u0625\u0644\u0649 \u0637\u0631\u0642 \u062a\u0641\u0633\u064a\u0631 \u0628\u064a\u0627\u0646\u0627\u062a \u062d\u0641\u0631 \u0627\u0644\u0622\u0628\u0627\u0631 \u0644\u062a\u0637\u0648\u064a\u0631 \u0646\u0645\u0627\u0630\u062c \u062b\u0644\u0627\u062b\u064a\u0629 \u0627\u0644\u0623\u0628\u0639\u0627\u062f \u0644\u0644\u0628\u064a\u0627\u0646\u0627\u062a \u0627\u0644\u062c\u064a\u0648\u0644\u0648\u062c\u064a\u0629 \u0623\u0648 \u0627\u0644\u062c\u064a\u0648\u0643\u064a\u0645\u064a\u0627\u0626\u064a\u0629 \u0644\u0644\u0622\u0628\u0627\u0631 \u0644\u062a\u0624\u062f\u064a \u0645\u0646 \u0623\u062c\u0644 \u062d\u0633\u0627\u0628 \u0627\u0644\u0623\u062d\u062c\u0627\u0645.<\/li><li>\u0627\u0644\u0645\u062d\u062a\u0648\u0649: \u062a\u0637\u0648\u064a\u0631 \u0627\u0644\u0631\u0633\u0648\u0645 \u0627\u0644\u0628\u064a\u0627\u0646\u064a\u0629 \u0644\u0644\u0645\u0642\u0627\u0637\u0639 \u060c \u0648\u062a\u0641\u0633\u064a\u0631 \u0623\u0642\u0633\u0627\u0645 \u0627\u0644\u0628\u0626\u0631 \u060c \u0648\u0627\u0644\u0627\u0631\u062a\u0628\u0627\u0637 \u060c \u0648\u0625\u0646\u0634\u0627\u0621 \u0627\u0644\u0645\u063a\u0644\u0641\u0627\u062a \u060c \u0648\u0627\u0644\u0625\u062d\u0635\u0627\u0621 \u0627\u0644\u062c\u063a\u0631\u0627\u0641\u064a \u060c \u0648\u062a\u0637\u0648\u064a\u0631 \u0627\u0644\u0646\u0645\u0627\u0630\u062c.<\/li><li>\u00a0<\/li><li>\u0627\u0644\u0645\u062f\u0629 2 \u0627\u0644\u0649 3 \u0627\u0633\u0627\u0628\u064a\u0639<\/li><\/ul><p>\u00a0<\/p><ol start=\"3\"><li><strong><u>\u0646\u0638\u0645 \u0627\u0644\u0645\u0639\u0644\u0648\u0645\u0627\u062a \u0627\u0644\u062c\u063a\u0631\u0627\u0641\u064a\u0629<\/u><\/strong><\/li><\/ol><p>\u0647\u0630\u0647 \u0627\u0644\u062f\u0648\u0631\u0629 \u0645\u062e\u0635\u0635\u0629 \u0644\u062c\u064a\u0648\u0644\u0648\u062c\u064a\u064a\u0646 \u0627\u0644\u0627\u0633\u062a\u0643\u0634\u0627\u0641 \u0627\u0644\u0645\u062a\u062e\u0635\u0635\u064a\u0646 \u0641\u064a \u062c\u0645\u0639 \u0627\u0644\u0628\u064a\u0627\u0646\u0627\u062a \u0648\u0645\u0639\u0627\u0644\u062c\u062a\u0647\u0627 \u0648\u062a\u062d\u0644\u064a\u0644\u0647\u0627.<\/p><p>\u00a0<\/p><ul><li>\u0627\u0644\u0647\u062f\u0641: \u0636\u0645\u0627\u0646 \u0627\u0644\u062a\u0645\u0643\u0646 \u0645\u0646 \u0623\u062f\u0648\u0627\u062a \u0625\u062f\u0627\u0631\u0629 \u0627\u0644\u0628\u064a\u0627\u0646\u0627\u062a \u0648\u0623\u062f\u0648\u0627\u062a \u0646\u0638\u0627\u0645 \u0627\u0644\u0645\u0639\u0644\u0648\u0645\u0627\u062a \u0627\u0644\u062c\u063a\u0631\u0627\u0641\u064a\u0629.<\/li><li>\u0627\u0644\u0645\u062d\u062a\u0648\u0649: \u0627\u0644\u0634\u0631\u0648\u0639 \u0641\u064a \u0625\u062f\u0627\u0631\u0629 \u0627\u0644\u0628\u064a\u0627\u0646\u0627\u062a \u0627\u0644\u062c\u064a\u0648\u0644\u0648\u062c\u064a\u0629 \u060c \u0648\u0625\u0646\u0634\u0627\u0621 \u0642\u0648\u0627\u0639\u062f \u0627\u0644\u0628\u064a\u0627\u0646\u0627\u062a \u060c \u0648\u0645\u0631\u0627\u0642\u0628\u0629 \u062c\u0648\u062f\u0629 \u0627\u0644\u0628\u064a\u0627\u0646\u0627\u062a \u060c \u0648\u0627\u0644\u0628\u062f\u0621 \u0641\u064a \u0646\u0638\u0645 \u0627\u0644\u0645\u0639\u0644\u0648\u0645\u0627\u062a \u0627\u0644\u062c\u063a\u0631\u0627\u0641\u064a\u0629: \u062c\u0645\u0639 \u0627\u0644\u0628\u064a\u0627\u0646\u0627\u062a \u0627\u0644\u062e\u0631\u0627\u0626\u0637\u064a\u0629 \u060c \u0648\u0648\u0636\u0639 \u0627\u0644\u062e\u0631\u0627\u0626\u0637 \u0627\u0644\u062c\u064a\u0648\u0644\u0648\u062c\u064a\u0629 \u060c \u0648\u0627\u0644\u0628\u062f\u0621 \u0641\u064a \u0628\u0631\u0646\u0627\u0645\u062c GIS \/ SGBD: Arcgis \u060c Mapinfo \u060c QGIS \u060c SQL.<\/li><li>\u0627\u0644\u0645\u062f\u0629 : 3 \u0627\u0644\u0649 4 \u0627\u0633\u0627\u0628\u064a\u0639<\/li><\/ul><p><strong>4.\u00a0<\/strong><strong>4. \u0627\u0644\u0645\u062e\u0628\u0631<\/strong><\/p><p>\u00a0<\/p><p>\u0641\u064a \u0627\u0644\u0645\u062c\u0627\u0644 \u0627\u0644\u0645\u062e\u0628\u0631\u064a \u060c \u062a\u0642\u062f\u0645 \u0627\u0644\u0648\u0643\u0644\u0629 \u0627\u0644\u062a\u062f\u0631\u064a\u0628 \u0641\u064a \u0627\u0644\u0648\u062d\u062f\u0627\u062a \u0627\u0644\u062a\u0627\u0644\u064a\u0629:<\/p><p>\u00a0<\/p><ul><li>\u0627\u0644\u0645\u062a\u0637\u0644\u0628\u0627\u062a \u0627\u0644\u0639\u0627\u0645\u0629 \u0644\u0627\u062e\u062a\u0635\u0627\u0635 \u0645\u0639\u0627\u0645\u0644 \u0627\u0644\u0645\u0639\u0627\u064a\u0631\u0629 \u0648\u0627\u0644\u0627\u062e\u062a\u0628\u0627\u0631 ISO 17025: 2017<\/li><li>ISO 19011: 2018 \u062a\u062f\u0631\u064a\u0628 \u062a\u0623\u0647\u064a\u0644 \u0627\u0644\u0645\u0631\u0627\u062c\u0639 \u0627\u0644\u062f\u0627\u062e\u0644\u064a<\/li><li>\u0627\u0644\u062a\u062f\u0631\u064a\u0628 \u0639\u0644\u0649 \u0627\u0644\u062a\u062d\u0642\u0642 \u0645\u0646 \u0635\u062d\u0629 \u0627\u0644\u0637\u0631\u064a\u0642\u0629 \u0648\u0641\u0642\u064b\u0627 \u0644\u0645\u0639\u064a\u0627\u0631 NF T90: 2018<\/li><li>\u0627\u0644\u062a\u062f\u0631\u064a\u0628 \u0639\u0644\u0649 \u0645\u062a\u0637\u0644\u0628\u0627\u062a \u0646\u0638\u0627\u0645 \u0625\u062f\u0627\u0631\u0629 \u0627\u0644\u062c\u0648\u062f\u0629 ISO 9001: 2015<\/li><\/ul><p>\u0627\u0644\u0645\u062f\u0629 : 5 \u0623\u064a\u0627\u0645 \u0644\u0643\u0644 \u062f\u0648\u0631\u0629<\/p><p>\u00a0<\/p><ul><li>\u062a\u062f\u0631\u064a\u0628 \u0645\u062a\u0642\u062f\u0645 \u0639\u0644\u0649 \u0627\u0644\u062a\u062d\u0636\u064a\u0631 \u0648\u0627\u0644\u062a\u062d\u0644\u064a\u0644 \u0628\u0645\u0637\u064a\u0627\u0641 \u0627\u0644\u0627\u0645\u062a\u0635\u0627\u0635 \u0627\u0644\u0630\u0631\u064a<\/li><li>\u062a\u062f\u0631\u064a\u0628 \u0627\u0644\u062e\u0631\u0632 \u0648\u062a\u062d\u0644\u064a\u0644 \u0645\u0636\u0627\u0646 \u0627\u0644\u0623\u0634\u0639\u0629 \u0627\u0644\u0633\u064a\u0646\u064a\u0629<\/li><li>\u0627\u0644\u062a\u062f\u0631\u064a\u0628 \u0639\u0644\u0649 \u0627\u0644\u062a\u062d\u0636\u064a\u0631 \u0627\u0644\u0645\u064a\u0643\u0627\u0646\u064a\u0643\u064a \u0648\u0645\u0631\u0627\u0642\u0628\u0629 \u0627\u0644\u062c\u0648\u062f\u0629<\/li><\/ul><p><strong>\u0627\u0644\u0645\u062f\u0629 : 15 \u0623\u064a\u0627\u0645 \u0644\u0643\u0644 \u062f\u0648\u0631\u0629<\/strong><\/p>\t\t\t\t\t<\/div>\n\t\t\t\t\t\t<\/div>\n\t\t\t\t<\/div>\n\t\t\t\t\t\t<\/div>\n\t\t\t\t\t<\/div>\n\t\t<\/div>\n\t\t\t\t\t\t\t\t<\/div>\n\t\t\t\t\t<\/div>\n\t\t<\/section>\n\t\t\t\t\t\t\t\t\t<\/div>\n\t\t\t<\/div>\n\t\t\t\t\t<\/div>","protected":false},"excerpt":{"rendered":"<p>Formation L\u2019ANARPAM propose \u00e0 ses partenaires des modules de formations destin\u00e9es \u00e0 renforcer les capacit\u00e9s humaines des \u00e9quipes engag\u00e9es dans la recherche g\u00e9ologique et mini\u00e8re. Offres de Formations Exploration g\u00e9ologique\u00a0:&hellip;<\/p>","protected":false},"author":1,"featured_media":0,"parent":0,"menu_order":0,"comment_status":"closed","ping_status":"closed","template":"page-fullwidth.php","meta":{"_lmt_disableupdate":"","_lmt_disable":"","footnotes":""},"class_list":["post-399","page","type-page","status-publish","hentry"],"yoast_head":"<!-- This site is optimized with the Yoast SEO plugin v16.9 - https:\/\/yoast.com\/wordpress\/plugins\/seo\/ -->\n<title>Formations - ANARPAM<\/title>\n<meta name=\"robots\" content=\"index, follow, max-snippet:-1, max-image-preview:large, max-video-preview:-1\" \/>\n<link rel=\"canonical\" href=\"https:\/\/anarpam.mr\/ar\/formations\/\" \/>\n<meta property=\"og:locale\" content=\"ar_AR\" \/>\n<meta property=\"og:type\" content=\"article\" \/>\n<meta property=\"og:title\" content=\"Formations - ANARPAM\" \/>\n<meta property=\"og:description\" content=\"Formation L\u2019ANARPAM propose \u00e0 ses partenaires des modules de formations destin\u00e9es \u00e0 renforcer les capacit\u00e9s humaines des \u00e9quipes engag\u00e9es dans la recherche g\u00e9ologique et mini\u00e8re. Offres de Formations Exploration g\u00e9ologique\u00a0:&hellip;\" \/>\n<meta property=\"og:url\" content=\"https:\/\/anarpam.mr\/ar\/formations\/\" \/>\n<meta property=\"og:site_name\" content=\"ANARPAM\" \/>\n<meta property=\"article:modified_time\" content=\"2022-10-31T06:36:48+00:00\" \/>\n<meta property=\"og:image\" content=\"https:\/\/anarpam.mr\/wp-content\/uploads\/2022\/10\/Lecture.jpg\" \/>\n<meta name=\"twitter:card\" content=\"summary_large_image\" \/>\n<meta name=\"twitter:label1\" content=\"\u0648\u0642\u062a \u0627\u0644\u0642\u0631\u0627\u0621\u0629 \u0627\u0644\u0645\u064f\u0642\u062f\u0651\u0631\" \/>\n\t<meta name=\"twitter:data1\" content=\"\u062f\u0642\u064a\u0642\u062a\u0627\u0646\" \/>\n<script type=\"application\/ld+json\" class=\"yoast-schema-graph\">{\"@context\":\"https:\/\/schema.org\",\"@graph\":[{\"@type\":\"Organization\",\"@id\":\"https:\/\/anarpam.mr\/ar\/#organization\",\"name\":\"ANARPAM\",\"url\":\"https:\/\/anarpam.mr\/ar\/\",\"sameAs\":[],\"logo\":{\"@type\":\"ImageObject\",\"@id\":\"https:\/\/anarpam.mr\/ar\/#logo\",\"inLanguage\":\"ar\",\"url\":\"https:\/\/anarpam.mr\/wp-content\/uploads\/2026\/04\/favicon-master-512.png\",\"contentUrl\":\"https:\/\/anarpam.mr\/wp-content\/uploads\/2026\/04\/favicon-master-512.png\",\"width\":512,\"height\":512,\"caption\":\"ANARPAM\"},\"image\":{\"@id\":\"https:\/\/anarpam.mr\/ar\/#logo\"}},{\"@type\":\"WebSite\",\"@id\":\"https:\/\/anarpam.mr\/ar\/#website\",\"url\":\"https:\/\/anarpam.mr\/ar\/\",\"name\":\"ANARPAM\",\"description\":\"\",\"publisher\":{\"@id\":\"https:\/\/anarpam.mr\/ar\/#organization\"},\"potentialAction\":[{\"@type\":\"SearchAction\",\"target\":{\"@type\":\"EntryPoint\",\"urlTemplate\":\"https:\/\/anarpam.mr\/ar\/?s={search_term_string}\"},\"query-input\":\"required name=search_term_string\"}],\"inLanguage\":\"ar\"},{\"@type\":\"ImageObject\",\"@id\":\"https:\/\/anarpam.mr\/ar\/formations\/#primaryimage\",\"inLanguage\":\"ar\",\"url\":\"https:\/\/anarpam.mr\/wp-content\/uploads\/2022\/10\/Lecture.jpg\",\"contentUrl\":\"https:\/\/anarpam.mr\/wp-content\/uploads\/2022\/10\/Lecture.jpg\"},{\"@type\":\"WebPage\",\"@id\":\"https:\/\/anarpam.mr\/ar\/formations\/#webpage\",\"url\":\"https:\/\/anarpam.mr\/ar\/formations\/\",\"name\":\"Formations - ANARPAM\",\"isPartOf\":{\"@id\":\"https:\/\/anarpam.mr\/ar\/#website\"},\"primaryImageOfPage\":{\"@id\":\"https:\/\/anarpam.mr\/ar\/formations\/#primaryimage\"},\"datePublished\":\"2022-10-29T05:04:04+00:00\",\"dateModified\":\"2022-10-31T06:36:48+00:00\",\"breadcrumb\":{\"@id\":\"https:\/\/anarpam.mr\/ar\/formations\/#breadcrumb\"},\"inLanguage\":\"ar\",\"potentialAction\":[{\"@type\":\"ReadAction\",\"target\":[\"https:\/\/anarpam.mr\/ar\/formations\/\"]}]},{\"@type\":\"BreadcrumbList\",\"@id\":\"https:\/\/anarpam.mr\/ar\/formations\/#breadcrumb\",\"itemListElement\":[{\"@type\":\"ListItem\",\"position\":1,\"name\":\"Accueil\",\"item\":\"https:\/\/anarpam.mr\/ar\/\"},{\"@type\":\"ListItem\",\"position\":2,\"name\":\"Formations\"}]}]}<\/script>\n<!-- \/ Yoast SEO plugin. -->","yoast_head_json":{"title":"Formations - ANARPAM","robots":{"index":"index","follow":"follow","max-snippet":"max-snippet:-1","max-image-preview":"max-image-preview:large","max-video-preview":"max-video-preview:-1"},"canonical":"https:\/\/anarpam.mr\/ar\/formations\/","og_locale":"ar_AR","og_type":"article","og_title":"Formations - ANARPAM","og_description":"Formation L\u2019ANARPAM propose \u00e0 ses partenaires des modules de formations destin\u00e9es \u00e0 renforcer les capacit\u00e9s humaines des \u00e9quipes engag\u00e9es dans la recherche g\u00e9ologique et mini\u00e8re. Offres de Formations Exploration g\u00e9ologique\u00a0:&hellip;","og_url":"https:\/\/anarpam.mr\/ar\/formations\/","og_site_name":"ANARPAM","article_modified_time":"2022-10-31T06:36:48+00:00","og_image":[{"url":"https:\/\/anarpam.mr\/wp-content\/uploads\/2022\/10\/Lecture.jpg"}],"twitter_card":"summary_large_image","twitter_misc":{"\u0648\u0642\u062a \u0627\u0644\u0642\u0631\u0627\u0621\u0629 \u0627\u0644\u0645\u064f\u0642\u062f\u0651\u0631":"\u062f\u0642\u064a\u0642\u062a\u0627\u0646"},"schema":{"@context":"https:\/\/schema.org","@graph":[{"@type":"Organization","@id":"https:\/\/anarpam.mr\/ar\/#organization","name":"ANARPAM","url":"https:\/\/anarpam.mr\/ar\/","sameAs":[],"logo":{"@type":"ImageObject","@id":"https:\/\/anarpam.mr\/ar\/#logo","inLanguage":"ar","url":"https:\/\/anarpam.mr\/wp-content\/uploads\/2026\/04\/favicon-master-512.png","contentUrl":"https:\/\/anarpam.mr\/wp-content\/uploads\/2026\/04\/favicon-master-512.png","width":512,"height":512,"caption":"ANARPAM"},"image":{"@id":"https:\/\/anarpam.mr\/ar\/#logo"}},{"@type":"WebSite","@id":"https:\/\/anarpam.mr\/ar\/#website","url":"https:\/\/anarpam.mr\/ar\/","name":"ANARPAM","description":"","publisher":{"@id":"https:\/\/anarpam.mr\/ar\/#organization"},"potentialAction":[{"@type":"SearchAction","target":{"@type":"EntryPoint","urlTemplate":"https:\/\/anarpam.mr\/ar\/?s={search_term_string}"},"query-input":"required name=search_term_string"}],"inLanguage":"ar"},{"@type":"ImageObject","@id":"https:\/\/anarpam.mr\/ar\/formations\/#primaryimage","inLanguage":"ar","url":"https:\/\/anarpam.mr\/wp-content\/uploads\/2022\/10\/Lecture.jpg","contentUrl":"https:\/\/anarpam.mr\/wp-content\/uploads\/2022\/10\/Lecture.jpg"},{"@type":"WebPage","@id":"https:\/\/anarpam.mr\/ar\/formations\/#webpage","url":"https:\/\/anarpam.mr\/ar\/formations\/","name":"Formations - ANARPAM","isPartOf":{"@id":"https:\/\/anarpam.mr\/ar\/#website"},"primaryImageOfPage":{"@id":"https:\/\/anarpam.mr\/ar\/formations\/#primaryimage"},"datePublished":"2022-10-29T05:04:04+00:00","dateModified":"2022-10-31T06:36:48+00:00","breadcrumb":{"@id":"https:\/\/anarpam.mr\/ar\/formations\/#breadcrumb"},"inLanguage":"ar","potentialAction":[{"@type":"ReadAction","target":["https:\/\/anarpam.mr\/ar\/formations\/"]}]},{"@type":"BreadcrumbList","@id":"https:\/\/anarpam.mr\/ar\/formations\/#breadcrumb","itemListElement":[{"@type":"ListItem","position":1,"name":"Accueil","item":"https:\/\/anarpam.mr\/ar\/"},{"@type":"ListItem","position":2,"name":"Formations"}]}]}},"_links":{"self":[{"href":"https:\/\/anarpam.mr\/ar\/wp-json\/wp\/v2\/pages\/399","targetHints":{"allow":["GET"]}}],"collection":[{"href":"https:\/\/anarpam.mr\/ar\/wp-json\/wp\/v2\/pages"}],"about":[{"href":"https:\/\/anarpam.mr\/ar\/wp-json\/wp\/v2\/types\/page"}],"author":[{"embeddable":true,"href":"https:\/\/anarpam.mr\/ar\/wp-json\/wp\/v2\/users\/1"}],"replies":[{"embeddable":true,"href":"https:\/\/anarpam.mr\/ar\/wp-json\/wp\/v2\/comments?post=399"}],"version-history":[{"count":7,"href":"https:\/\/anarpam.mr\/ar\/wp-json\/wp\/v2\/pages\/399\/revisions"}],"predecessor-version":[{"id":751,"href":"https:\/\/anarpam.mr\/ar\/wp-json\/wp\/v2\/pages\/399\/revisions\/751"}],"wp:attachment":[{"href":"https:\/\/anarpam.mr\/ar\/wp-json\/wp\/v2\/media?parent=399"}],"curies":[{"name":"wp","href":"https:\/\/api.w.org\/{rel}","templated":true}]}}