{"id":394,"date":"2022-10-29T05:00:55","date_gmt":"2022-10-29T05:00:55","guid":{"rendered":"https:\/\/anarpam.mr\/?page_id=394"},"modified":"2022-10-30T13:27:56","modified_gmt":"2022-10-30T13:27:56","slug":"hygiene-securite-environnement","status":"publish","type":"page","link":"https:\/\/anarpam.mr\/ar\/hygiene-securite-environnement\/","title":{"rendered":"\u0627\u0644\u0646\u0638\u0627\u0641\u0629 \u0648 \u0627\u0644\u0633\u0644\u0627\u0645\u0629 \u0648 \u0627\u0644\u0628\u064a\u0626\u0629"},"content":{"rendered":"<div data-elementor-type=\"wp-page\" data-elementor-id=\"394\" class=\"elementor elementor-394\" data-elementor-post-type=\"page\">\n\t\t\t\t\t\t<div class=\"elementor-inner\">\n\t\t\t\t<div class=\"elementor-section-wrap\">\n\t\t\t\t\t\t\t\t\t<section class=\"penci-section penci-dmcheck penci-elbg-activate penci-disSticky penci-structure-10 elementor-section elementor-top-section elementor-element elementor-element-d967ff7 elementor-section-boxed elementor-section-height-default elementor-section-height-default\" data-id=\"d967ff7\" data-element_type=\"section\" data-settings=\"{&quot;background_background&quot;:&quot;classic&quot;}\">\n\t\t\t\t\t\t<div class=\"elementor-container elementor-column-gap-no\">\n\t\t\t\t\t\t\t<div class=\"elementor-row\">\n\t\t\t\t\t<div class=\"penci-ercol-100 penci-ercol-order-1 penci-sticky-ct    elementor-column elementor-col-100 elementor-top-column elementor-element elementor-element-b53fc23\" data-id=\"b53fc23\" data-element_type=\"column\">\n\t\t\t<div class=\"theiaStickySidebar elementor-column-wrap elementor-element-populated\">\n\t\t\t\t\t\t\t<div class=\"elementor-widget-wrap\">\n\t\t\t\t\t\t<div class=\"elementor-element elementor-element-c5f3af5 elementor-widget elementor-widget-penci-fancy_heading\" data-id=\"c5f3af5\" data-element_type=\"widget\" data-widget_type=\"penci-fancy_heading.default\">\n\t\t\t\t<div class=\"elementor-widget-container\">\n\t\t\t\t\t<div class=\"penci-fancy-heading penci-heading-text-center\">\n\t\t\t<div class=\"penci-fancy-heading-inner\">\n\t\t\t\t<h2 class=\"penci-heading-title\"><span class=\"inner-tit\">\u0627\u0644\u062c\u0648\u062f\u0629, \u0627\u0644\u0646\u0638\u0627\u0641\u0629, \u0627\u0644\u0633\u0644\u0627\u0645\u0629 \u0648 \u0627\u0644\u0628\u064a\u0626\u0629<\/span><\/h2>\t\t\t<\/div>\n\t\t<\/div>\n\t\t\t\t<\/div>\n\t\t\t\t<\/div>\n\t\t\t\t\t\t<\/div>\n\t\t\t\t\t<\/div>\n\t\t<\/div>\n\t\t\t\t\t\t\t\t<\/div>\n\t\t\t\t\t<\/div>\n\t\t<\/section>\n\t\t\t\t<section class=\"penci-section penci-disSticky penci-structure-10 elementor-section elementor-top-section elementor-element elementor-element-e477204 elementor-section-content-middle elementor-section-boxed elementor-section-height-default elementor-section-height-default\" data-id=\"e477204\" data-element_type=\"section\">\n\t\t\t\t\t\t<div class=\"elementor-container elementor-column-gap-no\">\n\t\t\t\t\t\t\t<div class=\"elementor-row\">\n\t\t\t\t\t<div class=\"penci-ercol-100 penci-ercol-order-1 penci-sticky-ct  penci-dmcheck penci-elbg-activate  elementor-column elementor-col-100 elementor-top-column elementor-element elementor-element-aaccc69\" data-id=\"aaccc69\" data-element_type=\"column\" data-settings=\"{&quot;background_background&quot;:&quot;classic&quot;}\">\n\t\t\t<div class=\"theiaStickySidebar elementor-column-wrap elementor-element-populated\">\n\t\t\t\t\t\t\t<div class=\"elementor-widget-wrap\">\n\t\t\t\t\t\t<div class=\"elementor-element elementor-element-4fd68a0 elementor-widget elementor-widget-text-editor\" data-id=\"4fd68a0\" data-element_type=\"widget\" data-widget_type=\"text-editor.default\">\n\t\t\t\t<div class=\"elementor-widget-container\">\n\t\t\t<style>\/*! elementor - v3.17.0 - 01-11-2023 *\/\n.elementor-widget-text-editor.elementor-drop-cap-view-stacked .elementor-drop-cap{background-color:#69727d;color:#fff}.elementor-widget-text-editor.elementor-drop-cap-view-framed .elementor-drop-cap{color:#69727d;border:3px solid;background-color:transparent}.elementor-widget-text-editor:not(.elementor-drop-cap-view-default) .elementor-drop-cap{margin-top:8px}.elementor-widget-text-editor:not(.elementor-drop-cap-view-default) .elementor-drop-cap-letter{width:1em;height:1em}.elementor-widget-text-editor .elementor-drop-cap{float:left;text-align:center;line-height:1;font-size:50px}.elementor-widget-text-editor .elementor-drop-cap-letter{display:inline-block}<\/style>\t\t\t\t\t<div class=\"elementor-text-editor elementor-clearfix\">\n\t\t\t\t<p>\u062a\u0648\u0644\u064a \u0627\u0644\u0648\u0643\u0627\u0644\u0629 \u0627\u0647\u0645\u064a\u0629 \u0642\u0635\u0648\u0649 \u0644\u0644\u062c\u0648\u062f\u0629 \u0648 \u0627\u0644\u0646\u0638\u0627\u0641\u0629 \u0648\u0627\u0644\u0633\u0644\u0627\u0645\u0629 \u0648\u062d\u0645\u0627\u064a\u0629 \u0627\u0644\u0628\u064a\u0626\u0629 \u0641\u064a \u0627\u0644\u0642\u0631\u0627\u0631\u0627\u062a \u0648 \u0627\u0644\u0625\u062c\u0631\u0627\u0621\u0627\u062a \u0627\u0644\u0645\u062a\u062e\u0630\u0629.<\/p><p>\u00a0<\/p><p>\u0648 \u0641\u064a \u0647\u0630\u0627 \u0627\u0644\u0625\u0637\u0627\u0631 \u0646\u0639\u062a\u0642\u062f \u0628\u0642\u0648\u0629 \u0623\u0646\u0647 \u064a\u0645\u0643\u0646 \u062a\u062c\u0646\u0628 \u062c\u0645\u064a\u0639 \u0627\u0644\u062d\u0648\u0627\u062f\u062b \u0625\u0630\u0627 \u062a\u0645 \u062a\u0642\u064a\u064a\u0645 \u0627\u0644\u0645\u062e\u0627\u0637\u0631 \u0648\u0625\u062f\u0627\u0631\u062a\u0647\u0627 \u0628\u0634\u0643\u0644 \u0627\u0633\u062a\u0628\u0627\u0642\u064a.<\/p><p>\u00a0<\/p><p>\u064a\u0645\u0643\u0646 \u062a\u0644\u062e\u064a\u0635 \u0633\u064a\u0627\u0633\u062a\u0646\u0627 \u0641\u064a \u0647\u0630\u0627 \u0627\u0644\u0645\u062c\u0627\u0644 \u0639\u0644\u0649 \u0627\u0644\u0646\u062d\u0648 \u0627\u0644\u062a\u0627\u0644\u064a :<\/p><p>\u00a0<\/p><ul><li>\u0646\u062d\u0646 \u0645\u0644\u062a\u0632\u0645\u0648\u0646 \u0628\u0627\u0644\u0627\u0645\u062a\u062b\u0627\u0644 \u0644\u062c\u0645\u064a\u0639 \u0627\u0644\u0642\u0648\u0627\u0646\u064a\u0646 \u0648\u0627\u0644\u0644\u0648\u0627\u0626\u062d \u0648\u0627\u0644\u0627\u0644\u062a\u0632\u0627\u0645\u0627\u062a \u0627\u0644\u0645\u062a\u0639\u0644\u0642\u0629 \u0628\u062d\u0645\u0627\u064a\u0629 \u0627\u0644\u0628\u064a\u0626\u0629 \u0648\u0627\u0644\u062c\u0648\u062f\u0629 \u0648 \u0627\u0644\u0646\u0638\u0627\u0641\u0629 \u0648\u0627\u0644\u0633\u0644\u0627\u0645\u0629<\/li><\/ul><p>\u00a0<\/p><ul><li>\u0646\u0642\u0648\u0645 \u0628\u062a\u0645\u0643\u064a\u0646 \u0648\u0645\u0645\u0627\u0631\u0633\u0629 \u0627\u0644\u0633\u0644\u0648\u0643\u064a\u0627\u062a \u0627\u0644\u0622\u0645\u0646\u0629 \u0648\u0627\u0644\u0635\u062d\u064a\u0629 \u0641\u064a \u0627\u0644\u0639\u0645\u0644<\/li><\/ul><p>\u00a0<\/p><ul><li>\u0646\u0646\u0641\u0630 \u0623\u0646\u0638\u0645\u0629 \u0648\u0646\u0648\u0641\u0631 \u0645\u0639\u062f\u0627\u062a \u0644\u0645\u0646\u0639 \u0627\u0644\u0623\u0636\u0631\u0627\u0631 \u0627\u0644\u062a\u064a \u062a\u0644\u062d\u0642 \u0628\u0627\u0644\u0646\u0627\u0633 \u0648\u0627\u0644\u0628\u064a\u0626\u0629 \u0648\u062a\u0645\u0643\u064a\u0646 \u0645\u0643\u0627\u0646 \u0639\u0645\u0644 \u0646\u0638\u064a\u0641 \u0648\u0622\u0645\u0646 \u0648\u0635\u062f\u064a\u0642 \u0644\u0644\u0628\u064a\u0626\u0629<\/li><\/ul><p>\u00a0<\/p><ul><li>\u0645\u062c\u0627\u0644\u0627\u062a \u062a\u062f\u062e\u0644\u0646\u0627 \u0627\u0644\u062d\u0627\u0644\u064a\u0629 \u0641\u064a\u0645\u0627 \u064a\u062a\u0639\u0644\u0642 \u0628\u0627\u0644\u0646\u0638\u0627\u0641\u0629 \u0648\u0627\u0644\u0633\u0644\u0627\u0645\u0629 \u0648\u062d\u0645\u0627\u064a\u0629 \u0627\u0644\u0628\u064a\u0626\u0629 \u0647\u064a \u0627\u0644\u0648\u0642\u0627\u064a\u0629 \u0645\u0646 \u0627\u0644\u062d\u0648\u0627\u062f\u062b \u0627\u0644\u0643\u0628\u0631\u0649 \u060c \u0645\u0646 \u062e\u0644\u0627\u0644 \u0636\u0645\u0627\u0646 \u0642\u062f\u0631\u0629 \u0627\u0644\u0639\u0645\u0627\u0644 \u0639\u0644\u0649 \u0627\u0644\u0639\u0645\u0644 \u060c \u0648\u0627\u0644\u062d\u0641\u0627\u0638 \u0639\u0644\u0649 \u0627\u0644\u0645\u0648\u0627\u0631\u062f \u0648\u062a\u0642\u0644\u064a\u0644 \u0627\u0644\u0622\u062b\u0627\u0631 \u0627\u0644\u0645\u062a\u0639\u0644\u0642\u0629 \u0628\u0627\u0644\u0646\u0641\u0627\u064a\u0627\u062a \u0627\u0644\u0633\u0627\u0626\u0644\u0629 \u0648\u0627\u0644\u0646\u0641\u0627\u064a\u0627\u062a \u0648 \u0644\u0644\u062a\u0646\u0648\u0639 \u0627\u0644\u0628\u064a\u0648\u0644\u0648\u062c\u064a<\/li><\/ul><p>\u00a0<\/p><ul><li>\u0644\u0630\u0644\u0643 \u0648\u0636\u0639\u0646\u0627 \u0633\u0644\u0633\u0644\u0629 \u0645\u0646 \u0627\u0644\u0623\u0647\u062f\u0627\u0641 \u0627\u0644\u0623\u0645\u0646\u064a\u0629 \u0644\u0640\u0644\u0648\u0643\u0627\u0644\u0629<\/li><\/ul><p>\u00a0<\/p><ul><li>\u0627\u0644\u0633\u0644\u0627\u0645\u0629 \u0647\u064a \u0623\u0633\u0644\u0648\u0628 \u062d\u064a\u0627\u0629 \u0648\u062a\u0623\u062a\u064a \u0641\u064a \u0627\u0644\u0645\u0631\u062a\u0628\u0629 \u0627\u0644\u0623\u0648\u0644\u0649 \u0641\u064a \u0643\u0644 \u0645\u0627 \u0646\u0642\u0648\u0645 \u0628\u0647. \u064a\u0645\u0643\u0646 \u0644\u0623\u064a \u0634\u062e\u0635 \u0627\u0644\u062a\u062d\u062f\u062b \u0628\u062d\u0631\u064a\u0629 \u0639\u0646 \u0627\u0644\u0646\u0638\u0627\u0641\u0629 \u0648 \u0627\u0644\u062c\u0648\u062f\u0629 \u0648\u0627\u0644\u0633\u0644\u0627\u0645\u0629 \u0648\u0627\u0644\u0627\u0647\u062a\u0645\u0627\u0645\u0627\u062a \u0627\u0644\u0628\u064a\u0626\u064a\u0629.<\/li><\/ul>\t\t\t\t\t<\/div>\n\t\t\t\t\t\t<\/div>\n\t\t\t\t<\/div>\n\t\t\t\t\t\t<\/div>\n\t\t\t\t\t<\/div>\n\t\t<\/div>\n\t\t\t\t\t\t\t\t<\/div>\n\t\t\t\t\t<\/div>\n\t\t<\/section>\n\t\t\t\t\t\t\t\t\t<\/div>\n\t\t\t<\/div>\n\t\t\t\t\t<\/div>","protected":false},"excerpt":{"rendered":"<p>\u0650Qualit\u00e9, Hygi\u00e8ne, S\u00e9curit\u00e9 &#038; Environnement (QHSE) La qualit\u00e9, l\u2019hygi\u00e8ne, la s\u00e9curit\u00e9 et la protection de l\u2019environnement chez l\u2019ANARPAM sont au c\u0153ur de chaque d\u00e9cision que nous prenons et de chaque&hellip;<\/p>","protected":false},"author":1,"featured_media":0,"parent":0,"menu_order":0,"comment_status":"closed","ping_status":"closed","template":"page-fullwidth.php","meta":{"_lmt_disableupdate":"","_lmt_disable":"","footnotes":""},"class_list":["post-394","page","type-page","status-publish","hentry"],"yoast_head":"<!-- This site is optimized with the Yoast SEO plugin v16.9 - https:\/\/yoast.com\/wordpress\/plugins\/seo\/ -->\n<title>Hygi\u00e8ne S\u00e9curit\u00e9 &amp; Environnement - ANARPAM<\/title>\n<meta name=\"robots\" content=\"index, follow, max-snippet:-1, max-image-preview:large, max-video-preview:-1\" \/>\n<link rel=\"canonical\" href=\"https:\/\/anarpam.mr\/ar\/hygiene-securite-environnement\/\" \/>\n<meta property=\"og:locale\" content=\"ar_AR\" \/>\n<meta property=\"og:type\" content=\"article\" \/>\n<meta property=\"og:title\" content=\"Hygi\u00e8ne S\u00e9curit\u00e9 &amp; Environnement - ANARPAM\" \/>\n<meta property=\"og:description\" content=\"\u0650Qualit\u00e9, Hygi\u00e8ne, S\u00e9curit\u00e9 &#038; Environnement (QHSE) La qualit\u00e9, l\u2019hygi\u00e8ne, la s\u00e9curit\u00e9 et la protection de l\u2019environnement chez l\u2019ANARPAM sont au c\u0153ur de chaque d\u00e9cision que nous prenons et de chaque&hellip;\" \/>\n<meta property=\"og:url\" content=\"https:\/\/anarpam.mr\/ar\/hygiene-securite-environnement\/\" \/>\n<meta property=\"og:site_name\" content=\"ANARPAM\" \/>\n<meta property=\"article:modified_time\" content=\"2022-10-30T13:27:56+00:00\" \/>\n<meta name=\"twitter:card\" content=\"summary_large_image\" \/>\n<meta name=\"twitter:label1\" content=\"\u0648\u0642\u062a \u0627\u0644\u0642\u0631\u0627\u0621\u0629 \u0627\u0644\u0645\u064f\u0642\u062f\u0651\u0631\" \/>\n\t<meta name=\"twitter:data1\" content=\"\u062f\u0642\u064a\u0642\u0629 \u0648\u0627\u062d\u062f\u0629\" \/>\n<script type=\"application\/ld+json\" class=\"yoast-schema-graph\">{\"@context\":\"https:\/\/schema.org\",\"@graph\":[{\"@type\":\"Organization\",\"@id\":\"https:\/\/anarpam.mr\/ar\/#organization\",\"name\":\"ANARPAM\",\"url\":\"https:\/\/anarpam.mr\/ar\/\",\"sameAs\":[],\"logo\":{\"@type\":\"ImageObject\",\"@id\":\"https:\/\/anarpam.mr\/ar\/#logo\",\"inLanguage\":\"ar\",\"url\":\"https:\/\/anarpam.mr\/wp-content\/uploads\/2026\/04\/favicon-master-512.png\",\"contentUrl\":\"https:\/\/anarpam.mr\/wp-content\/uploads\/2026\/04\/favicon-master-512.png\",\"width\":512,\"height\":512,\"caption\":\"ANARPAM\"},\"image\":{\"@id\":\"https:\/\/anarpam.mr\/ar\/#logo\"}},{\"@type\":\"WebSite\",\"@id\":\"https:\/\/anarpam.mr\/ar\/#website\",\"url\":\"https:\/\/anarpam.mr\/ar\/\",\"name\":\"ANARPAM\",\"description\":\"\",\"publisher\":{\"@id\":\"https:\/\/anarpam.mr\/ar\/#organization\"},\"potentialAction\":[{\"@type\":\"SearchAction\",\"target\":{\"@type\":\"EntryPoint\",\"urlTemplate\":\"https:\/\/anarpam.mr\/ar\/?s={search_term_string}\"},\"query-input\":\"required name=search_term_string\"}],\"inLanguage\":\"ar\"},{\"@type\":\"WebPage\",\"@id\":\"https:\/\/anarpam.mr\/ar\/hygiene-securite-environnement\/#webpage\",\"url\":\"https:\/\/anarpam.mr\/ar\/hygiene-securite-environnement\/\",\"name\":\"Hygi\\u00e8ne S\\u00e9curit\\u00e9 & Environnement - ANARPAM\",\"isPartOf\":{\"@id\":\"https:\/\/anarpam.mr\/ar\/#website\"},\"datePublished\":\"2022-10-29T05:00:55+00:00\",\"dateModified\":\"2022-10-30T13:27:56+00:00\",\"breadcrumb\":{\"@id\":\"https:\/\/anarpam.mr\/ar\/hygiene-securite-environnement\/#breadcrumb\"},\"inLanguage\":\"ar\",\"potentialAction\":[{\"@type\":\"ReadAction\",\"target\":[\"https:\/\/anarpam.mr\/ar\/hygiene-securite-environnement\/\"]}]},{\"@type\":\"BreadcrumbList\",\"@id\":\"https:\/\/anarpam.mr\/ar\/hygiene-securite-environnement\/#breadcrumb\",\"itemListElement\":[{\"@type\":\"ListItem\",\"position\":1,\"name\":\"Accueil\",\"item\":\"https:\/\/anarpam.mr\/ar\/\"},{\"@type\":\"ListItem\",\"position\":2,\"name\":\"Hygi\\u00e8ne S\\u00e9curit\\u00e9 &#038; Environnement\"}]}]}<\/script>\n<!-- \/ Yoast SEO plugin. -->","yoast_head_json":{"title":"Hygi\u00e8ne S\u00e9curit\u00e9 & Environnement - ANARPAM","robots":{"index":"index","follow":"follow","max-snippet":"max-snippet:-1","max-image-preview":"max-image-preview:large","max-video-preview":"max-video-preview:-1"},"canonical":"https:\/\/anarpam.mr\/ar\/hygiene-securite-environnement\/","og_locale":"ar_AR","og_type":"article","og_title":"Hygi\u00e8ne S\u00e9curit\u00e9 & Environnement - ANARPAM","og_description":"\u0650Qualit\u00e9, Hygi\u00e8ne, S\u00e9curit\u00e9 &#038; Environnement (QHSE) La qualit\u00e9, l\u2019hygi\u00e8ne, la s\u00e9curit\u00e9 et la protection de l\u2019environnement chez l\u2019ANARPAM sont au c\u0153ur de chaque d\u00e9cision que nous prenons et de chaque&hellip;","og_url":"https:\/\/anarpam.mr\/ar\/hygiene-securite-environnement\/","og_site_name":"ANARPAM","article_modified_time":"2022-10-30T13:27:56+00:00","twitter_card":"summary_large_image","twitter_misc":{"\u0648\u0642\u062a \u0627\u0644\u0642\u0631\u0627\u0621\u0629 \u0627\u0644\u0645\u064f\u0642\u062f\u0651\u0631":"\u062f\u0642\u064a\u0642\u0629 \u0648\u0627\u062d\u062f\u0629"},"schema":{"@context":"https:\/\/schema.org","@graph":[{"@type":"Organization","@id":"https:\/\/anarpam.mr\/ar\/#organization","name":"ANARPAM","url":"https:\/\/anarpam.mr\/ar\/","sameAs":[],"logo":{"@type":"ImageObject","@id":"https:\/\/anarpam.mr\/ar\/#logo","inLanguage":"ar","url":"https:\/\/anarpam.mr\/wp-content\/uploads\/2026\/04\/favicon-master-512.png","contentUrl":"https:\/\/anarpam.mr\/wp-content\/uploads\/2026\/04\/favicon-master-512.png","width":512,"height":512,"caption":"ANARPAM"},"image":{"@id":"https:\/\/anarpam.mr\/ar\/#logo"}},{"@type":"WebSite","@id":"https:\/\/anarpam.mr\/ar\/#website","url":"https:\/\/anarpam.mr\/ar\/","name":"ANARPAM","description":"","publisher":{"@id":"https:\/\/anarpam.mr\/ar\/#organization"},"potentialAction":[{"@type":"SearchAction","target":{"@type":"EntryPoint","urlTemplate":"https:\/\/anarpam.mr\/ar\/?s={search_term_string}"},"query-input":"required name=search_term_string"}],"inLanguage":"ar"},{"@type":"WebPage","@id":"https:\/\/anarpam.mr\/ar\/hygiene-securite-environnement\/#webpage","url":"https:\/\/anarpam.mr\/ar\/hygiene-securite-environnement\/","name":"Hygi\u00e8ne S\u00e9curit\u00e9 & Environnement - ANARPAM","isPartOf":{"@id":"https:\/\/anarpam.mr\/ar\/#website"},"datePublished":"2022-10-29T05:00:55+00:00","dateModified":"2022-10-30T13:27:56+00:00","breadcrumb":{"@id":"https:\/\/anarpam.mr\/ar\/hygiene-securite-environnement\/#breadcrumb"},"inLanguage":"ar","potentialAction":[{"@type":"ReadAction","target":["https:\/\/anarpam.mr\/ar\/hygiene-securite-environnement\/"]}]},{"@type":"BreadcrumbList","@id":"https:\/\/anarpam.mr\/ar\/hygiene-securite-environnement\/#breadcrumb","itemListElement":[{"@type":"ListItem","position":1,"name":"Accueil","item":"https:\/\/anarpam.mr\/ar\/"},{"@type":"ListItem","position":2,"name":"Hygi\u00e8ne S\u00e9curit\u00e9 &#038; Environnement"}]}]}},"_links":{"self":[{"href":"https:\/\/anarpam.mr\/ar\/wp-json\/wp\/v2\/pages\/394","targetHints":{"allow":["GET"]}}],"collection":[{"href":"https:\/\/anarpam.mr\/ar\/wp-json\/wp\/v2\/pages"}],"about":[{"href":"https:\/\/anarpam.mr\/ar\/wp-json\/wp\/v2\/types\/page"}],"author":[{"embeddable":true,"href":"https:\/\/anarpam.mr\/ar\/wp-json\/wp\/v2\/users\/1"}],"replies":[{"embeddable":true,"href":"https:\/\/anarpam.mr\/ar\/wp-json\/wp\/v2\/comments?post=394"}],"version-history":[{"count":22,"href":"https:\/\/anarpam.mr\/ar\/wp-json\/wp\/v2\/pages\/394\/revisions"}],"predecessor-version":[{"id":656,"href":"https:\/\/anarpam.mr\/ar\/wp-json\/wp\/v2\/pages\/394\/revisions\/656"}],"wp:attachment":[{"href":"https:\/\/anarpam.mr\/ar\/wp-json\/wp\/v2\/media?parent=394"}],"curies":[{"name":"wp","href":"https:\/\/api.w.org\/{rel}","templated":true}]}}