{"id":393,"date":"2022-10-29T05:00:03","date_gmt":"2022-10-29T05:00:03","guid":{"rendered":"https:\/\/anarpam.mr\/?page_id=393"},"modified":"2022-10-30T08:38:08","modified_gmt":"2022-10-30T08:38:08","slug":"lethique","status":"publish","type":"page","link":"https:\/\/anarpam.mr\/ar\/lethique\/","title":{"rendered":"\u0642\u064a\u0645 \u0627\u0644\u0639\u0645\u0644"},"content":{"rendered":"<div data-elementor-type=\"wp-page\" data-elementor-id=\"393\" class=\"elementor elementor-393\" data-elementor-post-type=\"page\">\n\t\t\t\t\t\t<div class=\"elementor-inner\">\n\t\t\t\t<div class=\"elementor-section-wrap\">\n\t\t\t\t\t\t\t\t\t<section class=\"penci-section penci-dmcheck penci-elbg-activate penci-disSticky penci-structure-10 elementor-section elementor-top-section elementor-element elementor-element-c4ffc44 elementor-section-boxed elementor-section-height-default elementor-section-height-default\" data-id=\"c4ffc44\" data-element_type=\"section\" data-settings=\"{&quot;background_background&quot;:&quot;classic&quot;}\">\n\t\t\t\t\t\t<div class=\"elementor-container elementor-column-gap-no\">\n\t\t\t\t\t\t\t<div class=\"elementor-row\">\n\t\t\t\t\t<div class=\"penci-ercol-100 penci-ercol-order-1 penci-sticky-ct    elementor-column elementor-col-100 elementor-top-column elementor-element elementor-element-dbf17b5\" data-id=\"dbf17b5\" data-element_type=\"column\">\n\t\t\t<div class=\"theiaStickySidebar elementor-column-wrap elementor-element-populated\">\n\t\t\t\t\t\t\t<div class=\"elementor-widget-wrap\">\n\t\t\t\t\t\t<div class=\"elementor-element elementor-element-ccf741a elementor-widget elementor-widget-penci-fancy_heading\" data-id=\"ccf741a\" data-element_type=\"widget\" data-widget_type=\"penci-fancy_heading.default\">\n\t\t\t\t<div class=\"elementor-widget-container\">\n\t\t\t\t\t<div class=\"penci-fancy-heading penci-heading-text-center\">\n\t\t\t<div class=\"penci-fancy-heading-inner\">\n\t\t\t\t<h2 class=\"penci-heading-title\"><span class=\"inner-tit\">\u0642\u064a\u0645 \u0627\u0644\u0639\u0645\u0644<\/span><\/h2>\t\t\t<\/div>\n\t\t<\/div>\n\t\t\t\t<\/div>\n\t\t\t\t<\/div>\n\t\t\t\t\t\t<\/div>\n\t\t\t\t\t<\/div>\n\t\t<\/div>\n\t\t\t\t\t\t\t\t<\/div>\n\t\t\t\t\t<\/div>\n\t\t<\/section>\n\t\t\t\t<section class=\"penci-section penci-disSticky penci-structure-10 elementor-section elementor-top-section elementor-element elementor-element-d80e534 elementor-section-content-middle elementor-section-boxed elementor-section-height-default elementor-section-height-default\" data-id=\"d80e534\" data-element_type=\"section\">\n\t\t\t\t\t\t<div class=\"elementor-container elementor-column-gap-no\">\n\t\t\t\t\t\t\t<div class=\"elementor-row\">\n\t\t\t\t\t<div class=\"penci-ercol-100 penci-ercol-order-1 penci-sticky-ct  penci-dmcheck penci-elbg-activate  elementor-column elementor-col-100 elementor-top-column elementor-element elementor-element-1bfc828\" data-id=\"1bfc828\" data-element_type=\"column\" data-settings=\"{&quot;background_background&quot;:&quot;classic&quot;}\">\n\t\t\t<div class=\"theiaStickySidebar elementor-column-wrap elementor-element-populated\">\n\t\t\t\t\t\t\t<div class=\"elementor-widget-wrap\">\n\t\t\t\t\t\t<div class=\"elementor-element elementor-element-2b14c0a elementor-widget elementor-widget-text-editor\" data-id=\"2b14c0a\" data-element_type=\"widget\" data-widget_type=\"text-editor.default\">\n\t\t\t\t<div class=\"elementor-widget-container\">\n\t\t\t<style>\/*! elementor - v3.17.0 - 01-11-2023 *\/\n.elementor-widget-text-editor.elementor-drop-cap-view-stacked .elementor-drop-cap{background-color:#69727d;color:#fff}.elementor-widget-text-editor.elementor-drop-cap-view-framed .elementor-drop-cap{color:#69727d;border:3px solid;background-color:transparent}.elementor-widget-text-editor:not(.elementor-drop-cap-view-default) .elementor-drop-cap{margin-top:8px}.elementor-widget-text-editor:not(.elementor-drop-cap-view-default) .elementor-drop-cap-letter{width:1em;height:1em}.elementor-widget-text-editor .elementor-drop-cap{float:left;text-align:center;line-height:1;font-size:50px}.elementor-widget-text-editor .elementor-drop-cap-letter{display:inline-block}<\/style>\t\t\t\t\t<div class=\"elementor-text-editor elementor-clearfix\">\n\t\t\t\t<p>\u062a\u062d\u062f\u062f \u0645\u062f\u0648\u0646\u0629 \u0642\u0648\u0627\u0639\u062f \u0627\u0644\u0633\u0644\u0648\u0643 \u0627\u0644\u0645\u0647\u0646\u064a \u0648\u0627\u0644\u0623\u062e\u0644\u0627\u0642\u064a\u0627\u062a \u0627\u0644\u062e\u0627\u0635\u0629 \u0628\u0640\u0627\u0644\u0648\u0643\u0627\u0644\u0629 \u0627\u0644\u0648\u0637\u0646\u064a\u0629 \u0627\u0644\u0628\u062d\u0648\u062b \u0627\u0644\u062c\u064a\u0648\u0644\u0648\u062c\u064a\u0629 \u0648 \u0627\u0644\u0623\u0645\u0644\u0627\u0643 \u0627\u0644\u0645\u0639\u062f\u0646\u064a\u0629 \u0627\u0644\u062a\u0632\u0627\u0645\u0627\u062a\u0646\u0627 \u0648\u0645\u062a\u0637\u0644\u0628\u0627\u062a\u0646\u0627 \u0644\u0625\u062c\u0631\u0627\u0621 \u0623\u0639\u0645\u0627\u0644\u0646\u0627 \u0648\u0641\u0642\u064b\u0627 \u0644\u0623\u0639\u0644\u0649 \u0627\u0644\u0645\u0639\u0627\u064a\u064a\u0631 \u0627\u0644\u0623\u062e\u0644\u0627\u0642\u064a\u0629 \u060c \u0628\u0645\u0627 \u0641\u064a \u0630\u0644\u0643 \u0627\u0644\u0627\u0645\u062a\u062b\u0627\u0644 \u0644\u0644\u0642\u0648\u0627\u0646\u064a\u0646 \u0648\u0627\u0644\u0642\u0648\u0627\u0639\u062f \u0630\u0627\u062a \u0627\u0644\u0635\u0644\u0629 \u0628\u062d\u0642\u0648\u0642 \u0627\u0644\u0625\u0646\u0633\u0627\u0646 \u0648\u0633\u064a\u0627\u0633\u0627\u062a \u0627\u0644\u0634\u0631\u0643\u0629.<\/p>\t\t\t\t\t<\/div>\n\t\t\t\t\t\t<\/div>\n\t\t\t\t<\/div>\n\t\t\t\t\t\t<\/div>\n\t\t\t\t\t<\/div>\n\t\t<\/div>\n\t\t\t\t\t\t\t\t<\/div>\n\t\t\t\t\t<\/div>\n\t\t<\/section>\n\t\t\t\t\t\t\t\t\t<\/div>\n\t\t\t<\/div>\n\t\t\t\t\t<\/div>","protected":false},"excerpt":{"rendered":"<p>L\u2019Ethique Le code de conduite et d\u2019\u00e9thique professionnelle de l\u2019ANARPAM \u00e9tablit nos engagements et exigences pour mener nos activit\u00e9s selon les normes \u00e9thiques les plus exigeantes, y compris le respect&hellip;<\/p>","protected":false},"author":1,"featured_media":0,"parent":0,"menu_order":0,"comment_status":"closed","ping_status":"closed","template":"page-fullwidth.php","meta":{"_lmt_disableupdate":"","_lmt_disable":"","footnotes":""},"class_list":["post-393","page","type-page","status-publish","hentry"],"yoast_head":"<!-- This site is optimized with the Yoast SEO plugin v16.9 - https:\/\/yoast.com\/wordpress\/plugins\/seo\/ -->\n<title>l\u2019Ethique - ANARPAM<\/title>\n<meta name=\"robots\" content=\"index, follow, max-snippet:-1, max-image-preview:large, max-video-preview:-1\" \/>\n<link rel=\"canonical\" href=\"https:\/\/anarpam.mr\/ar\/lethique\/\" \/>\n<meta property=\"og:locale\" content=\"ar_AR\" \/>\n<meta property=\"og:type\" content=\"article\" \/>\n<meta property=\"og:title\" content=\"l\u2019Ethique - ANARPAM\" \/>\n<meta property=\"og:description\" content=\"L\u2019Ethique Le code de conduite et d\u2019\u00e9thique professionnelle de l\u2019ANARPAM \u00e9tablit nos engagements et exigences pour mener nos activit\u00e9s selon les normes \u00e9thiques les plus exigeantes, y compris le respect&hellip;\" \/>\n<meta property=\"og:url\" content=\"https:\/\/anarpam.mr\/ar\/lethique\/\" \/>\n<meta property=\"og:site_name\" content=\"ANARPAM\" \/>\n<meta property=\"article:modified_time\" content=\"2022-10-30T08:38:08+00:00\" \/>\n<meta name=\"twitter:card\" content=\"summary_large_image\" \/>\n<script type=\"application\/ld+json\" class=\"yoast-schema-graph\">{\"@context\":\"https:\/\/schema.org\",\"@graph\":[{\"@type\":\"Organization\",\"@id\":\"https:\/\/anarpam.mr\/ar\/#organization\",\"name\":\"ANARPAM\",\"url\":\"https:\/\/anarpam.mr\/ar\/\",\"sameAs\":[],\"logo\":{\"@type\":\"ImageObject\",\"@id\":\"https:\/\/anarpam.mr\/ar\/#logo\",\"inLanguage\":\"ar\",\"url\":\"https:\/\/anarpam.mr\/wp-content\/uploads\/2026\/04\/favicon-master-512.png\",\"contentUrl\":\"https:\/\/anarpam.mr\/wp-content\/uploads\/2026\/04\/favicon-master-512.png\",\"width\":512,\"height\":512,\"caption\":\"ANARPAM\"},\"image\":{\"@id\":\"https:\/\/anarpam.mr\/ar\/#logo\"}},{\"@type\":\"WebSite\",\"@id\":\"https:\/\/anarpam.mr\/ar\/#website\",\"url\":\"https:\/\/anarpam.mr\/ar\/\",\"name\":\"ANARPAM\",\"description\":\"\",\"publisher\":{\"@id\":\"https:\/\/anarpam.mr\/ar\/#organization\"},\"potentialAction\":[{\"@type\":\"SearchAction\",\"target\":{\"@type\":\"EntryPoint\",\"urlTemplate\":\"https:\/\/anarpam.mr\/ar\/?s={search_term_string}\"},\"query-input\":\"required name=search_term_string\"}],\"inLanguage\":\"ar\"},{\"@type\":\"WebPage\",\"@id\":\"https:\/\/anarpam.mr\/ar\/lethique\/#webpage\",\"url\":\"https:\/\/anarpam.mr\/ar\/lethique\/\",\"name\":\"l\\u2019Ethique - ANARPAM\",\"isPartOf\":{\"@id\":\"https:\/\/anarpam.mr\/ar\/#website\"},\"datePublished\":\"2022-10-29T05:00:03+00:00\",\"dateModified\":\"2022-10-30T08:38:08+00:00\",\"breadcrumb\":{\"@id\":\"https:\/\/anarpam.mr\/ar\/lethique\/#breadcrumb\"},\"inLanguage\":\"ar\",\"potentialAction\":[{\"@type\":\"ReadAction\",\"target\":[\"https:\/\/anarpam.mr\/ar\/lethique\/\"]}]},{\"@type\":\"BreadcrumbList\",\"@id\":\"https:\/\/anarpam.mr\/ar\/lethique\/#breadcrumb\",\"itemListElement\":[{\"@type\":\"ListItem\",\"position\":1,\"name\":\"Accueil\",\"item\":\"https:\/\/anarpam.mr\/ar\/\"},{\"@type\":\"ListItem\",\"position\":2,\"name\":\"l\\u2019Ethique\"}]}]}<\/script>\n<!-- \/ Yoast SEO plugin. -->","yoast_head_json":{"title":"l\u2019Ethique - ANARPAM","robots":{"index":"index","follow":"follow","max-snippet":"max-snippet:-1","max-image-preview":"max-image-preview:large","max-video-preview":"max-video-preview:-1"},"canonical":"https:\/\/anarpam.mr\/ar\/lethique\/","og_locale":"ar_AR","og_type":"article","og_title":"l\u2019Ethique - ANARPAM","og_description":"L\u2019Ethique Le code de conduite et d\u2019\u00e9thique professionnelle de l\u2019ANARPAM \u00e9tablit nos engagements et exigences pour mener nos activit\u00e9s selon les normes \u00e9thiques les plus exigeantes, y compris le respect&hellip;","og_url":"https:\/\/anarpam.mr\/ar\/lethique\/","og_site_name":"ANARPAM","article_modified_time":"2022-10-30T08:38:08+00:00","twitter_card":"summary_large_image","schema":{"@context":"https:\/\/schema.org","@graph":[{"@type":"Organization","@id":"https:\/\/anarpam.mr\/ar\/#organization","name":"ANARPAM","url":"https:\/\/anarpam.mr\/ar\/","sameAs":[],"logo":{"@type":"ImageObject","@id":"https:\/\/anarpam.mr\/ar\/#logo","inLanguage":"ar","url":"https:\/\/anarpam.mr\/wp-content\/uploads\/2026\/04\/favicon-master-512.png","contentUrl":"https:\/\/anarpam.mr\/wp-content\/uploads\/2026\/04\/favicon-master-512.png","width":512,"height":512,"caption":"ANARPAM"},"image":{"@id":"https:\/\/anarpam.mr\/ar\/#logo"}},{"@type":"WebSite","@id":"https:\/\/anarpam.mr\/ar\/#website","url":"https:\/\/anarpam.mr\/ar\/","name":"ANARPAM","description":"","publisher":{"@id":"https:\/\/anarpam.mr\/ar\/#organization"},"potentialAction":[{"@type":"SearchAction","target":{"@type":"EntryPoint","urlTemplate":"https:\/\/anarpam.mr\/ar\/?s={search_term_string}"},"query-input":"required name=search_term_string"}],"inLanguage":"ar"},{"@type":"WebPage","@id":"https:\/\/anarpam.mr\/ar\/lethique\/#webpage","url":"https:\/\/anarpam.mr\/ar\/lethique\/","name":"l\u2019Ethique - ANARPAM","isPartOf":{"@id":"https:\/\/anarpam.mr\/ar\/#website"},"datePublished":"2022-10-29T05:00:03+00:00","dateModified":"2022-10-30T08:38:08+00:00","breadcrumb":{"@id":"https:\/\/anarpam.mr\/ar\/lethique\/#breadcrumb"},"inLanguage":"ar","potentialAction":[{"@type":"ReadAction","target":["https:\/\/anarpam.mr\/ar\/lethique\/"]}]},{"@type":"BreadcrumbList","@id":"https:\/\/anarpam.mr\/ar\/lethique\/#breadcrumb","itemListElement":[{"@type":"ListItem","position":1,"name":"Accueil","item":"https:\/\/anarpam.mr\/ar\/"},{"@type":"ListItem","position":2,"name":"l\u2019Ethique"}]}]}},"_links":{"self":[{"href":"https:\/\/anarpam.mr\/ar\/wp-json\/wp\/v2\/pages\/393","targetHints":{"allow":["GET"]}}],"collection":[{"href":"https:\/\/anarpam.mr\/ar\/wp-json\/wp\/v2\/pages"}],"about":[{"href":"https:\/\/anarpam.mr\/ar\/wp-json\/wp\/v2\/types\/page"}],"author":[{"embeddable":true,"href":"https:\/\/anarpam.mr\/ar\/wp-json\/wp\/v2\/users\/1"}],"replies":[{"embeddable":true,"href":"https:\/\/anarpam.mr\/ar\/wp-json\/wp\/v2\/comments?post=393"}],"version-history":[{"count":7,"href":"https:\/\/anarpam.mr\/ar\/wp-json\/wp\/v2\/pages\/393\/revisions"}],"predecessor-version":[{"id":595,"href":"https:\/\/anarpam.mr\/ar\/wp-json\/wp\/v2\/pages\/393\/revisions\/595"}],"wp:attachment":[{"href":"https:\/\/anarpam.mr\/ar\/wp-json\/wp\/v2\/media?parent=393"}],"curies":[{"name":"wp","href":"https:\/\/api.w.org\/{rel}","templated":true}]}}