{"id":390,"date":"2022-10-29T04:58:01","date_gmt":"2022-10-29T04:58:01","guid":{"rendered":"https:\/\/anarpam.mr\/?page_id=390"},"modified":"2022-10-30T08:09:08","modified_gmt":"2022-10-30T08:09:08","slug":"mot-du-directeur-general","status":"publish","type":"page","link":"https:\/\/anarpam.mr\/ar\/mot-du-directeur-general\/","title":{"rendered":"\u0643\u0644\u0645\u0629 \u0627\u0644\u0645\u062f\u064a\u0631 \u0627\u0644\u0639\u0627\u0645"},"content":{"rendered":"<div data-elementor-type=\"wp-page\" data-elementor-id=\"390\" class=\"elementor elementor-390\" data-elementor-post-type=\"page\">\n\t\t\t\t\t\t<div class=\"elementor-inner\">\n\t\t\t\t<div class=\"elementor-section-wrap\">\n\t\t\t\t\t\t\t\t\t<section class=\"penci-section penci-dmcheck penci-elbg-activate penci-disSticky penci-structure-10 elementor-section elementor-top-section elementor-element elementor-element-e7f7854 elementor-section-boxed elementor-section-height-default elementor-section-height-default\" data-id=\"e7f7854\" data-element_type=\"section\" data-settings=\"{&quot;background_background&quot;:&quot;classic&quot;}\">\n\t\t\t\t\t\t<div class=\"elementor-container elementor-column-gap-no\">\n\t\t\t\t\t\t\t<div class=\"elementor-row\">\n\t\t\t\t\t<div class=\"penci-ercol-100 penci-ercol-order-1 penci-sticky-ct    elementor-column elementor-col-100 elementor-top-column elementor-element elementor-element-bbe3fa8\" data-id=\"bbe3fa8\" data-element_type=\"column\">\n\t\t\t<div class=\"theiaStickySidebar elementor-column-wrap elementor-element-populated\">\n\t\t\t\t\t\t\t<div class=\"elementor-widget-wrap\">\n\t\t\t\t\t\t<div class=\"elementor-element elementor-element-9ae2998 elementor-widget elementor-widget-penci-fancy_heading\" data-id=\"9ae2998\" data-element_type=\"widget\" data-widget_type=\"penci-fancy_heading.default\">\n\t\t\t\t<div class=\"elementor-widget-container\">\n\t\t\t\t\t<div class=\"penci-fancy-heading penci-heading-text-center\">\n\t\t\t<div class=\"penci-fancy-heading-inner\">\n\t\t\t\t<h2 class=\"penci-heading-title\"><span class=\"inner-tit\">\u0643\u0644\u0645\u0629 \u0627\u0644\u0645\u062f\u064a\u0631 \u0627\u0644\u0639\u0627\u0645<\/span><\/h2>\t\t\t<\/div>\n\t\t<\/div>\n\t\t\t\t<\/div>\n\t\t\t\t<\/div>\n\t\t\t\t\t\t<\/div>\n\t\t\t\t\t<\/div>\n\t\t<\/div>\n\t\t\t\t\t\t\t\t<\/div>\n\t\t\t\t\t<\/div>\n\t\t<\/section>\n\t\t\t\t<section class=\"penci-section penci-disSticky penci-structure-20 elementor-section elementor-top-section elementor-element elementor-element-74d3a7a elementor-section-boxed elementor-section-height-default elementor-section-height-default\" data-id=\"74d3a7a\" data-element_type=\"section\">\n\t\t\t\t\t\t<div class=\"elementor-container elementor-column-gap-default\">\n\t\t\t\t\t\t\t<div class=\"elementor-row\">\n\t\t\t\t\t<div class=\"penci-ercol-50 penci-ercol-order-1 penci-sticky-ct    elementor-column elementor-col-50 elementor-top-column elementor-element elementor-element-c8082a0\" data-id=\"c8082a0\" data-element_type=\"column\">\n\t\t\t<div class=\"theiaStickySidebar elementor-column-wrap elementor-element-populated\">\n\t\t\t\t\t\t\t<div class=\"elementor-widget-wrap\">\n\t\t\t\t\t\t<div class=\"elementor-element elementor-element-922290a elementor-position-top elementor-widget elementor-widget-image-box\" data-id=\"922290a\" data-element_type=\"widget\" data-widget_type=\"image-box.default\">\n\t\t\t\t<div class=\"elementor-widget-container\">\n\t\t\t<style>\/*! elementor - v3.17.0 - 01-11-2023 *\/\n.elementor-widget-image-box .elementor-image-box-content{width:100%}@media (min-width:768px){.elementor-widget-image-box.elementor-position-left .elementor-image-box-wrapper,.elementor-widget-image-box.elementor-position-right .elementor-image-box-wrapper{display:flex}.elementor-widget-image-box.elementor-position-right .elementor-image-box-wrapper{text-align:right;flex-direction:row-reverse}.elementor-widget-image-box.elementor-position-left .elementor-image-box-wrapper{text-align:left;flex-direction:row}.elementor-widget-image-box.elementor-position-top .elementor-image-box-img{margin:auto}.elementor-widget-image-box.elementor-vertical-align-top .elementor-image-box-wrapper{align-items:flex-start}.elementor-widget-image-box.elementor-vertical-align-middle .elementor-image-box-wrapper{align-items:center}.elementor-widget-image-box.elementor-vertical-align-bottom .elementor-image-box-wrapper{align-items:flex-end}}@media (max-width:767px){.elementor-widget-image-box .elementor-image-box-img{margin-left:auto!important;margin-right:auto!important;margin-bottom:15px}}.elementor-widget-image-box .elementor-image-box-img{display:inline-block}.elementor-widget-image-box .elementor-image-box-title a{color:inherit}.elementor-widget-image-box .elementor-image-box-wrapper{text-align:center}.elementor-widget-image-box .elementor-image-box-description{margin:0}<\/style><div class=\"elementor-image-box-wrapper\"><figure class=\"elementor-image-box-img\"><img decoding=\"async\" width=\"687\" height=\"714\" src=\"https:\/\/anarpam.mr\/wp-content\/uploads\/2022\/10\/photo_DG.jpg\" class=\"attachment-full size-full wp-image-535\" alt=\"\" \/><\/figure><div class=\"elementor-image-box-content\"><h3 class=\"elementor-image-box-title\">\u0627\u0644\u0633\u064a\u062f \u0627\u0644\u0647\u0627\u0634\u0645\u064a \u0627\u0644\u0634\u064a\u062e \u0633\u064a\u062f\u0627\u062a\u064a <\/h3><p class=\"elementor-image-box-description\"> \u0627\u0644\u0645\u062f\u064a\u0631 \u0627\u0644\u0639\u0627\u0645 \u0644\u0644\u0648\u0643\u0627\u0644\u0629 \u0627\u0644\u0648\u0637\u0646\u064a\u0629 \u0644\u0644\u0628\u062d\u0648\u062b \u0627\u0644\u062c\u064a\u0648\u0644\u0648\u062c\u064a\u0629 \u0648 \u0627\u0644\u0623\u0645\u0644\u0627\u0643 \u0627\u0644\u0645\u0639\u062f\u0646\u064a\u0629<\/p><\/div><\/div>\t\t<\/div>\n\t\t\t\t<\/div>\n\t\t\t\t\t\t<\/div>\n\t\t\t\t\t<\/div>\n\t\t<\/div>\n\t\t\t\t<div class=\"penci-ercol-50 penci-ercol-order-2 penci-sticky-ct    elementor-column elementor-col-50 elementor-top-column elementor-element elementor-element-25c39ab\" data-id=\"25c39ab\" data-element_type=\"column\">\n\t\t\t<div class=\"theiaStickySidebar elementor-column-wrap elementor-element-populated\">\n\t\t\t\t\t\t\t<div class=\"elementor-widget-wrap\">\n\t\t\t\t\t\t<div class=\"elementor-element elementor-element-f4e75bb elementor-widget elementor-widget-text-editor\" data-id=\"f4e75bb\" data-element_type=\"widget\" data-widget_type=\"text-editor.default\">\n\t\t\t\t<div class=\"elementor-widget-container\">\n\t\t\t<style>\/*! elementor - v3.17.0 - 01-11-2023 *\/\n.elementor-widget-text-editor.elementor-drop-cap-view-stacked .elementor-drop-cap{background-color:#69727d;color:#fff}.elementor-widget-text-editor.elementor-drop-cap-view-framed .elementor-drop-cap{color:#69727d;border:3px solid;background-color:transparent}.elementor-widget-text-editor:not(.elementor-drop-cap-view-default) .elementor-drop-cap{margin-top:8px}.elementor-widget-text-editor:not(.elementor-drop-cap-view-default) .elementor-drop-cap-letter{width:1em;height:1em}.elementor-widget-text-editor .elementor-drop-cap{float:left;text-align:center;line-height:1;font-size:50px}.elementor-widget-text-editor .elementor-drop-cap-letter{display:inline-block}<\/style>\t\t\t\t\t<div class=\"elementor-text-editor elementor-clearfix\">\n\t\t\t\t<p>\u0634\u0631\u0643\u0627\u0626\u0646\u0627 \u0627\u0644\u0623\u0639\u0632\u0627\u0621<\/p><p>\u00a0<\/p><p>\u064a\u0633\u0639\u062f\u0646\u0627 \u0627\u0646 \u0646\u0633\u062a\u0642\u0628\u0644\u0643\u0645 \u0641\u064a \u0645\u0648\u0642\u0639 \u0627\u0644\u0648\u0643\u0627\u0644\u0629 \u0627\u0644\u0648\u0637\u0646\u064a\u0629 \u0644\u0644\u0628\u062d\u0648\u062b \u0627\u0644\u062c\u064a\u0648\u0644\u0648\u062c\u064a\u0629 \u0648 \u0627\u0644\u0623\u0645\u0644\u0627\u0643 \u0627\u0644\u0645\u0639\u062f\u0646\u064a\u0629 (\u0648\u0648\u0628\u0627\u0645)<\/p><p>\u00a0<\/p><p>\u062a\u0645 \u0625\u0646\u0634\u0627\u0621 \u0627\u0644\u0648\u0643\u0627\u0644\u0629 \u0633\u0646\u0629 2020 \u0644\u062a\u062d\u0644 \u0645\u062d\u0644 \u0627\u0644\u0645\u0643\u062a\u0628 \u0627\u0644\u0645\u0648\u0631\u064a\u062a\u0627\u0646\u064a \u0644\u0644\u0628\u062d\u062b \u0627\u0644\u062c\u064a\u0648\u0644\u0648\u062c\u064a \u0641\u064a \u0625\u0637\u0627\u0631 \u0625\u0639\u0627\u062f\u0629 \u0647\u064a\u0643\u0644\u0629 \u0648\u0632\u0627\u0631\u0629 \u0627\u0644\u0628\u062a\u0631\u0648\u0644 \u0648 \u0627\u0644\u0645\u0639\u0627\u062f\u0646 \u0648 \u0627\u0644\u0637\u0627\u0642\u0629.<\/p><p>\u00a0<\/p><p>\u062a\u0645 \u0641\u064a \u0647\u0630\u0627 \u0627\u0644\u0625\u0637\u0627\u0631 \u062a\u062d\u062f\u064a\u062f \u0645\u0647\u0627\u0645 \u0627\u0644\u0648\u0643\u0627\u0644\u0629 \u0641\u064a \u0627\u0644\u0628\u062d\u062b \u0627\u0644\u062c\u064a\u0648\u0644\u0648\u062c\u064a \u0648 \u0627\u0644\u062a\u0631\u0642\u064a\u0629 \u0627\u0644\u0645\u0639\u062f\u0646\u064a\u0629 \u0648 \u062a\u0633\u064a\u064a\u0631 \u0645\u0633\u0627\u0647\u0645\u0627\u062a \u0627\u0644\u062f\u0648\u0644\u0629 \u0641\u064a \u0627\u0644\u0634\u0631\u0643\u0627\u062a \u0627\u0644\u0645\u0639\u062f\u0646\u064a\u0629.<\/p><p>\u00a0<\/p><p>\u0644\u0642\u062f \u062a\u0645 \u062a\u0635\u0645\u064a\u0645 \u0647\u0630\u0627 \u0627\u0644\u0645\u0648\u0642\u0639 \u0627\u0644\u0625\u0644\u0643\u062a\u0631\u0648\u0646\u064a \u0643\u0648\u0633\u064a\u0644\u0629 \u0644\u0644\u062a\u0648\u0627\u0635\u0644 \u0645\u0639\u0643\u0645 \u0628\u0635\u0641\u0629 \u062f\u0627\u0626\u0645\u0629 \u0648 \u0628\u0646\u0627\u0626\u0629<\/p><p>\u00a0<\/p><p>\u0648\u0647\u0648 \u0628\u0630\u0644\u0643 \u064a\u0634\u0643\u0644 \u0645\u0646 \u0627\u0644\u0622\u0646 \u0641\u0635\u0627\u0639\u062f\u0627 \u0642\u0646\u0627\u0629 \u062a\u0648\u0627\u0635\u0644 \u0645\u0648\u062c\u0647\u0629 \u0644\u062e\u062f\u0645\u062a\u0643\u0645<\/p><p>\u00a0<\/p><p>\u0648\u0623\u0645\u0644\u0646\u0627 \u0623\u0646 \u0646\u062c\u0639\u0644 \u0645\u0646 \u0645\u0648\u0642\u0639\u0646\u0627 \u0627\u0644\u0623\u0644\u0643\u062a\u0631\u0648\u0646\u064a \u0647\u0630\u0627 \u0648\u0633\u064a\u0644\u0629 \u0644\u0625\u0637\u0644\u0627\u0639\u0643\u0645 \u0639\u0644\u0649 \u0625\u0646\u062c\u0627\u0632\u0627\u062a\u0646\u0627 \u0648 \u0623\u0646\u0634\u0637\u062a\u0646\u0627 \u0627\u0644\u0645\u0628\u0631\u0645\u062c\u0629<\/p>\t\t\t\t\t<\/div>\n\t\t\t\t\t\t<\/div>\n\t\t\t\t<\/div>\n\t\t\t\t\t\t<\/div>\n\t\t\t\t\t<\/div>\n\t\t<\/div>\n\t\t\t\t\t\t\t\t<\/div>\n\t\t\t\t\t<\/div>\n\t\t<\/section>\n\t\t\t\t\t\t\t\t\t<\/div>\n\t\t\t<\/div>\n\t\t\t\t\t<\/div>","protected":false},"excerpt":{"rendered":"<p>Mot du Directeur G\u00e9n\u00e9ral Mr El Hachemy Cheikh Sidaty, Directeur G\u00e9n\u00e9ral de l\u2019ANARPAM Chers Partenaires, \u00a0 Nous sommes particuli\u00e8rement heureux de vous accueillir sur le nouveau site de l\u2019Agence Nationale&hellip;<\/p>","protected":false},"author":1,"featured_media":0,"parent":0,"menu_order":0,"comment_status":"closed","ping_status":"closed","template":"page-fullwidth.php","meta":{"_lmt_disableupdate":"","_lmt_disable":"","footnotes":""},"class_list":["post-390","page","type-page","status-publish","hentry"],"yoast_head":"<!-- This site is optimized with the Yoast SEO plugin v16.9 - https:\/\/yoast.com\/wordpress\/plugins\/seo\/ -->\n<title>Mot du Directeur G\u00e9n\u00e9ral - ANARPAM<\/title>\n<meta name=\"robots\" content=\"index, follow, max-snippet:-1, max-image-preview:large, max-video-preview:-1\" \/>\n<link rel=\"canonical\" href=\"https:\/\/anarpam.mr\/ar\/mot-du-directeur-general\/\" \/>\n<meta property=\"og:locale\" content=\"ar_AR\" \/>\n<meta property=\"og:type\" content=\"article\" \/>\n<meta property=\"og:title\" content=\"Mot du Directeur G\u00e9n\u00e9ral - ANARPAM\" \/>\n<meta property=\"og:description\" content=\"Mot du Directeur G\u00e9n\u00e9ral Mr El Hachemy Cheikh Sidaty, Directeur G\u00e9n\u00e9ral de l\u2019ANARPAM Chers Partenaires, \u00a0 Nous sommes particuli\u00e8rement heureux de vous accueillir sur le nouveau site de l\u2019Agence Nationale&hellip;\" \/>\n<meta property=\"og:url\" content=\"https:\/\/anarpam.mr\/ar\/mot-du-directeur-general\/\" \/>\n<meta property=\"og:site_name\" content=\"ANARPAM\" \/>\n<meta property=\"article:modified_time\" content=\"2022-10-30T08:09:08+00:00\" \/>\n<meta property=\"og:image\" content=\"https:\/\/anarpam.mr\/wp-content\/uploads\/2022\/10\/photo_DG.jpg\" \/>\n<meta name=\"twitter:card\" content=\"summary_large_image\" \/>\n<meta name=\"twitter:label1\" content=\"\u0648\u0642\u062a \u0627\u0644\u0642\u0631\u0627\u0621\u0629 \u0627\u0644\u0645\u064f\u0642\u062f\u0651\u0631\" \/>\n\t<meta name=\"twitter:data1\" content=\"\u062f\u0642\u064a\u0642\u0629 \u0648\u0627\u062d\u062f\u0629\" \/>\n<script type=\"application\/ld+json\" class=\"yoast-schema-graph\">{\"@context\":\"https:\/\/schema.org\",\"@graph\":[{\"@type\":\"Organization\",\"@id\":\"https:\/\/anarpam.mr\/ar\/#organization\",\"name\":\"ANARPAM\",\"url\":\"https:\/\/anarpam.mr\/ar\/\",\"sameAs\":[],\"logo\":{\"@type\":\"ImageObject\",\"@id\":\"https:\/\/anarpam.mr\/ar\/#logo\",\"inLanguage\":\"ar\",\"url\":\"https:\/\/anarpam.mr\/wp-content\/uploads\/2026\/04\/favicon-master-512.png\",\"contentUrl\":\"https:\/\/anarpam.mr\/wp-content\/uploads\/2026\/04\/favicon-master-512.png\",\"width\":512,\"height\":512,\"caption\":\"ANARPAM\"},\"image\":{\"@id\":\"https:\/\/anarpam.mr\/ar\/#logo\"}},{\"@type\":\"WebSite\",\"@id\":\"https:\/\/anarpam.mr\/ar\/#website\",\"url\":\"https:\/\/anarpam.mr\/ar\/\",\"name\":\"ANARPAM\",\"description\":\"\",\"publisher\":{\"@id\":\"https:\/\/anarpam.mr\/ar\/#organization\"},\"potentialAction\":[{\"@type\":\"SearchAction\",\"target\":{\"@type\":\"EntryPoint\",\"urlTemplate\":\"https:\/\/anarpam.mr\/ar\/?s={search_term_string}\"},\"query-input\":\"required name=search_term_string\"}],\"inLanguage\":\"ar\"},{\"@type\":\"ImageObject\",\"@id\":\"https:\/\/anarpam.mr\/ar\/mot-du-directeur-general\/#primaryimage\",\"inLanguage\":\"ar\",\"url\":\"https:\/\/anarpam.mr\/wp-content\/uploads\/2022\/10\/photo_DG.jpg\",\"contentUrl\":\"https:\/\/anarpam.mr\/wp-content\/uploads\/2022\/10\/photo_DG.jpg\",\"width\":687,\"height\":714},{\"@type\":\"WebPage\",\"@id\":\"https:\/\/anarpam.mr\/ar\/mot-du-directeur-general\/#webpage\",\"url\":\"https:\/\/anarpam.mr\/ar\/mot-du-directeur-general\/\",\"name\":\"Mot du Directeur G\\u00e9n\\u00e9ral - ANARPAM\",\"isPartOf\":{\"@id\":\"https:\/\/anarpam.mr\/ar\/#website\"},\"primaryImageOfPage\":{\"@id\":\"https:\/\/anarpam.mr\/ar\/mot-du-directeur-general\/#primaryimage\"},\"datePublished\":\"2022-10-29T04:58:01+00:00\",\"dateModified\":\"2022-10-30T08:09:08+00:00\",\"breadcrumb\":{\"@id\":\"https:\/\/anarpam.mr\/ar\/mot-du-directeur-general\/#breadcrumb\"},\"inLanguage\":\"ar\",\"potentialAction\":[{\"@type\":\"ReadAction\",\"target\":[\"https:\/\/anarpam.mr\/ar\/mot-du-directeur-general\/\"]}]},{\"@type\":\"BreadcrumbList\",\"@id\":\"https:\/\/anarpam.mr\/ar\/mot-du-directeur-general\/#breadcrumb\",\"itemListElement\":[{\"@type\":\"ListItem\",\"position\":1,\"name\":\"Accueil\",\"item\":\"https:\/\/anarpam.mr\/ar\/\"},{\"@type\":\"ListItem\",\"position\":2,\"name\":\"Mot du Directeur G\\u00e9n\\u00e9ral\"}]}]}<\/script>\n<!-- \/ Yoast SEO plugin. -->","yoast_head_json":{"title":"Mot du Directeur G\u00e9n\u00e9ral - ANARPAM","robots":{"index":"index","follow":"follow","max-snippet":"max-snippet:-1","max-image-preview":"max-image-preview:large","max-video-preview":"max-video-preview:-1"},"canonical":"https:\/\/anarpam.mr\/ar\/mot-du-directeur-general\/","og_locale":"ar_AR","og_type":"article","og_title":"Mot du Directeur G\u00e9n\u00e9ral - ANARPAM","og_description":"Mot du Directeur G\u00e9n\u00e9ral Mr El Hachemy Cheikh Sidaty, Directeur G\u00e9n\u00e9ral de l\u2019ANARPAM Chers Partenaires, \u00a0 Nous sommes particuli\u00e8rement heureux de vous accueillir sur le nouveau site de l\u2019Agence Nationale&hellip;","og_url":"https:\/\/anarpam.mr\/ar\/mot-du-directeur-general\/","og_site_name":"ANARPAM","article_modified_time":"2022-10-30T08:09:08+00:00","og_image":[{"url":"https:\/\/anarpam.mr\/wp-content\/uploads\/2022\/10\/photo_DG.jpg"}],"twitter_card":"summary_large_image","twitter_misc":{"\u0648\u0642\u062a \u0627\u0644\u0642\u0631\u0627\u0621\u0629 \u0627\u0644\u0645\u064f\u0642\u062f\u0651\u0631":"\u062f\u0642\u064a\u0642\u0629 \u0648\u0627\u062d\u062f\u0629"},"schema":{"@context":"https:\/\/schema.org","@graph":[{"@type":"Organization","@id":"https:\/\/anarpam.mr\/ar\/#organization","name":"ANARPAM","url":"https:\/\/anarpam.mr\/ar\/","sameAs":[],"logo":{"@type":"ImageObject","@id":"https:\/\/anarpam.mr\/ar\/#logo","inLanguage":"ar","url":"https:\/\/anarpam.mr\/wp-content\/uploads\/2026\/04\/favicon-master-512.png","contentUrl":"https:\/\/anarpam.mr\/wp-content\/uploads\/2026\/04\/favicon-master-512.png","width":512,"height":512,"caption":"ANARPAM"},"image":{"@id":"https:\/\/anarpam.mr\/ar\/#logo"}},{"@type":"WebSite","@id":"https:\/\/anarpam.mr\/ar\/#website","url":"https:\/\/anarpam.mr\/ar\/","name":"ANARPAM","description":"","publisher":{"@id":"https:\/\/anarpam.mr\/ar\/#organization"},"potentialAction":[{"@type":"SearchAction","target":{"@type":"EntryPoint","urlTemplate":"https:\/\/anarpam.mr\/ar\/?s={search_term_string}"},"query-input":"required name=search_term_string"}],"inLanguage":"ar"},{"@type":"ImageObject","@id":"https:\/\/anarpam.mr\/ar\/mot-du-directeur-general\/#primaryimage","inLanguage":"ar","url":"https:\/\/anarpam.mr\/wp-content\/uploads\/2022\/10\/photo_DG.jpg","contentUrl":"https:\/\/anarpam.mr\/wp-content\/uploads\/2022\/10\/photo_DG.jpg","width":687,"height":714},{"@type":"WebPage","@id":"https:\/\/anarpam.mr\/ar\/mot-du-directeur-general\/#webpage","url":"https:\/\/anarpam.mr\/ar\/mot-du-directeur-general\/","name":"Mot du Directeur G\u00e9n\u00e9ral - ANARPAM","isPartOf":{"@id":"https:\/\/anarpam.mr\/ar\/#website"},"primaryImageOfPage":{"@id":"https:\/\/anarpam.mr\/ar\/mot-du-directeur-general\/#primaryimage"},"datePublished":"2022-10-29T04:58:01+00:00","dateModified":"2022-10-30T08:09:08+00:00","breadcrumb":{"@id":"https:\/\/anarpam.mr\/ar\/mot-du-directeur-general\/#breadcrumb"},"inLanguage":"ar","potentialAction":[{"@type":"ReadAction","target":["https:\/\/anarpam.mr\/ar\/mot-du-directeur-general\/"]}]},{"@type":"BreadcrumbList","@id":"https:\/\/anarpam.mr\/ar\/mot-du-directeur-general\/#breadcrumb","itemListElement":[{"@type":"ListItem","position":1,"name":"Accueil","item":"https:\/\/anarpam.mr\/ar\/"},{"@type":"ListItem","position":2,"name":"Mot du Directeur G\u00e9n\u00e9ral"}]}]}},"_links":{"self":[{"href":"https:\/\/anarpam.mr\/ar\/wp-json\/wp\/v2\/pages\/390","targetHints":{"allow":["GET"]}}],"collection":[{"href":"https:\/\/anarpam.mr\/ar\/wp-json\/wp\/v2\/pages"}],"about":[{"href":"https:\/\/anarpam.mr\/ar\/wp-json\/wp\/v2\/types\/page"}],"author":[{"embeddable":true,"href":"https:\/\/anarpam.mr\/ar\/wp-json\/wp\/v2\/users\/1"}],"replies":[{"embeddable":true,"href":"https:\/\/anarpam.mr\/ar\/wp-json\/wp\/v2\/comments?post=390"}],"version-history":[{"count":28,"href":"https:\/\/anarpam.mr\/ar\/wp-json\/wp\/v2\/pages\/390\/revisions"}],"predecessor-version":[{"id":565,"href":"https:\/\/anarpam.mr\/ar\/wp-json\/wp\/v2\/pages\/390\/revisions\/565"}],"wp:attachment":[{"href":"https:\/\/anarpam.mr\/ar\/wp-json\/wp\/v2\/media?parent=390"}],"curies":[{"name":"wp","href":"https:\/\/api.w.org\/{rel}","templated":true}]}}