{"id":10,"date":"2019-10-28T01:52:08","date_gmt":"2019-10-28T01:52:08","guid":{"rendered":"https:\/\/demosoledad.pencidesign.net\/soledad-construction-business-multipurpose\/?page_id=10"},"modified":"2023-02-17T15:26:52","modified_gmt":"2023-02-17T15:26:52","slug":"emploi","status":"publish","type":"page","link":"https:\/\/anarpam.mr\/ar\/emploi\/","title":{"rendered":"\u0648\u0638\u0627\u0626\u0641"},"content":{"rendered":"<div data-elementor-type=\"wp-page\" data-elementor-id=\"10\" class=\"elementor elementor-10\" data-elementor-post-type=\"page\">\n\t\t\t\t\t\t<div class=\"elementor-inner\">\n\t\t\t\t<div class=\"elementor-section-wrap\">\n\t\t\t\t\t\t\t\t\t<section class=\"penci-section penci-dmcheck penci-elbg-activate penci-disSticky penci-structure-10 elementor-section elementor-top-section elementor-element elementor-element-67bff1e elementor-section-boxed elementor-section-height-default elementor-section-height-default\" data-id=\"67bff1e\" data-element_type=\"section\" data-settings=\"{&quot;background_background&quot;:&quot;classic&quot;}\">\n\t\t\t\t\t\t<div class=\"elementor-container elementor-column-gap-no\">\n\t\t\t\t\t\t\t<div class=\"elementor-row\">\n\t\t\t\t\t<div class=\"penci-ercol-100 penci-ercol-order-1 penci-sticky-ct    elementor-column elementor-col-100 elementor-top-column elementor-element elementor-element-be6368e\" data-id=\"be6368e\" data-element_type=\"column\">\n\t\t\t<div class=\"theiaStickySidebar elementor-column-wrap elementor-element-populated\">\n\t\t\t\t\t\t\t<div class=\"elementor-widget-wrap\">\n\t\t\t\t\t\t<div class=\"elementor-element elementor-element-ddc2320 elementor-widget elementor-widget-penci-fancy_heading\" data-id=\"ddc2320\" data-element_type=\"widget\" data-widget_type=\"penci-fancy_heading.default\">\n\t\t\t\t<div class=\"elementor-widget-container\">\n\t\t\t\t\t<div class=\"penci-fancy-heading penci-heading-text-center\">\n\t\t\t<div class=\"penci-fancy-heading-inner\">\n\t\t\t\t<h2 class=\"penci-heading-title\"><span class=\"inner-tit\">\u0648\u0638\u0627\u0626\u0641<\/span><\/h2>\t\t\t<\/div>\n\t\t<\/div>\n\t\t\t\t<\/div>\n\t\t\t\t<\/div>\n\t\t\t\t\t\t<\/div>\n\t\t\t\t\t<\/div>\n\t\t<\/div>\n\t\t\t\t\t\t\t\t<\/div>\n\t\t\t\t\t<\/div>\n\t\t<\/section>\n\t\t\t\t<section class=\"penci-section penci-disSticky penci-structure-10 elementor-section elementor-top-section elementor-element elementor-element-e82fc11 elementor-section-boxed elementor-section-height-default elementor-section-height-default\" data-id=\"e82fc11\" data-element_type=\"section\">\n\t\t\t\t\t\t<div class=\"elementor-container elementor-column-gap-default\">\n\t\t\t\t\t\t\t<div class=\"elementor-row\">\n\t\t\t\t\t<div class=\"penci-ercol-100 penci-ercol-order-1 penci-sticky-ct    elementor-column elementor-col-100 elementor-top-column elementor-element elementor-element-2a00842\" data-id=\"2a00842\" data-element_type=\"column\">\n\t\t\t<div class=\"theiaStickySidebar elementor-column-wrap elementor-element-populated\">\n\t\t\t\t\t\t\t<div class=\"elementor-widget-wrap\">\n\t\t\t\t\t\t<div class=\"elementor-element elementor-element-0c55a2d elementor-widget elementor-widget-heading\" data-id=\"0c55a2d\" data-element_type=\"widget\" data-widget_type=\"heading.default\">\n\t\t\t\t<div class=\"elementor-widget-container\">\n\t\t\t<style>\/*! elementor - v3.17.0 - 01-11-2023 *\/\n.elementor-heading-title{padding:0;margin:0;line-height:1}.elementor-widget-heading .elementor-heading-title[class*=elementor-size-]>a{color:inherit;font-size:inherit;line-height:inherit}.elementor-widget-heading .elementor-heading-title.elementor-size-small{font-size:15px}.elementor-widget-heading .elementor-heading-title.elementor-size-medium{font-size:19px}.elementor-widget-heading .elementor-heading-title.elementor-size-large{font-size:29px}.elementor-widget-heading .elementor-heading-title.elementor-size-xl{font-size:39px}.elementor-widget-heading .elementor-heading-title.elementor-size-xxl{font-size:59px}<\/style><h2 class=\"elementor-heading-title elementor-size-default\"><a href=\"https:\/\/anarpam.mr\/wp-content\/uploads\/2022\/11\/PV-CPMP-ANARPAM.pdf\">PV \u00e9valuation des candidatures pour la s\u00e9lection du Pr\u00e9sident et des membres de la Commission de Passations des March\u00e9s Publics de l\u2019ANARPAM<\/a><\/h2>\t\t<\/div>\n\t\t\t\t<\/div>\n\t\t\t\t\t\t<\/div>\n\t\t\t\t\t<\/div>\n\t\t<\/div>\n\t\t\t\t\t\t\t\t<\/div>\n\t\t\t\t\t<\/div>\n\t\t<\/section>\n\t\t\t\t<section class=\"penci-section penci-disSticky penci-structure-10 elementor-section elementor-top-section elementor-element elementor-element-6a9a6fc elementor-section-boxed elementor-section-height-default elementor-section-height-default\" data-id=\"6a9a6fc\" data-element_type=\"section\">\n\t\t\t\t\t\t<div class=\"elementor-container elementor-column-gap-default\">\n\t\t\t\t\t\t\t<div class=\"elementor-row\">\n\t\t\t\t\t<div class=\"penci-ercol-100 penci-ercol-order-1 penci-sticky-ct    elementor-column elementor-col-100 elementor-top-column elementor-element elementor-element-66b46b0\" data-id=\"66b46b0\" data-element_type=\"column\">\n\t\t\t<div class=\"theiaStickySidebar elementor-column-wrap elementor-element-populated\">\n\t\t\t\t\t\t\t<div class=\"elementor-widget-wrap\">\n\t\t\t\t\t\t<div class=\"elementor-element elementor-element-c4bba41 elementor-widget-divider--view-line elementor-widget elementor-widget-divider\" data-id=\"c4bba41\" data-element_type=\"widget\" data-widget_type=\"divider.default\">\n\t\t\t\t<div class=\"elementor-widget-container\">\n\t\t\t<style>\/*! elementor - v3.17.0 - 01-11-2023 *\/\n.elementor-widget-divider{--divider-border-style:none;--divider-border-width:1px;--divider-color:#0c0d0e;--divider-icon-size:20px;--divider-element-spacing:10px;--divider-pattern-height:24px;--divider-pattern-size:20px;--divider-pattern-url:none;--divider-pattern-repeat:repeat-x}.elementor-widget-divider .elementor-divider{display:flex}.elementor-widget-divider .elementor-divider__text{font-size:15px;line-height:1;max-width:95%}.elementor-widget-divider .elementor-divider__element{margin:0 var(--divider-element-spacing);flex-shrink:0}.elementor-widget-divider .elementor-icon{font-size:var(--divider-icon-size)}.elementor-widget-divider .elementor-divider-separator{display:flex;margin:0;direction:ltr}.elementor-widget-divider--view-line_icon .elementor-divider-separator,.elementor-widget-divider--view-line_text .elementor-divider-separator{align-items:center}.elementor-widget-divider--view-line_icon .elementor-divider-separator:after,.elementor-widget-divider--view-line_icon .elementor-divider-separator:before,.elementor-widget-divider--view-line_text .elementor-divider-separator:after,.elementor-widget-divider--view-line_text .elementor-divider-separator:before{display:block;content:\"\";border-bottom:0;flex-grow:1;border-top:var(--divider-border-width) var(--divider-border-style) var(--divider-color)}.elementor-widget-divider--element-align-left .elementor-divider .elementor-divider-separator>.elementor-divider__svg:first-of-type{flex-grow:0;flex-shrink:100}.elementor-widget-divider--element-align-left .elementor-divider-separator:before{content:none}.elementor-widget-divider--element-align-left .elementor-divider__element{margin-left:0}.elementor-widget-divider--element-align-right .elementor-divider .elementor-divider-separator>.elementor-divider__svg:last-of-type{flex-grow:0;flex-shrink:100}.elementor-widget-divider--element-align-right .elementor-divider-separator:after{content:none}.elementor-widget-divider--element-align-right .elementor-divider__element{margin-right:0}.elementor-widget-divider:not(.elementor-widget-divider--view-line_text):not(.elementor-widget-divider--view-line_icon) .elementor-divider-separator{border-top:var(--divider-border-width) var(--divider-border-style) var(--divider-color)}.elementor-widget-divider--separator-type-pattern{--divider-border-style:none}.elementor-widget-divider--separator-type-pattern.elementor-widget-divider--view-line .elementor-divider-separator,.elementor-widget-divider--separator-type-pattern:not(.elementor-widget-divider--view-line) .elementor-divider-separator:after,.elementor-widget-divider--separator-type-pattern:not(.elementor-widget-divider--view-line) .elementor-divider-separator:before,.elementor-widget-divider--separator-type-pattern:not([class*=elementor-widget-divider--view]) .elementor-divider-separator{width:100%;min-height:var(--divider-pattern-height);-webkit-mask-size:var(--divider-pattern-size) 100%;mask-size:var(--divider-pattern-size) 100%;-webkit-mask-repeat:var(--divider-pattern-repeat);mask-repeat:var(--divider-pattern-repeat);background-color:var(--divider-color);-webkit-mask-image:var(--divider-pattern-url);mask-image:var(--divider-pattern-url)}.elementor-widget-divider--no-spacing{--divider-pattern-size:auto}.elementor-widget-divider--bg-round{--divider-pattern-repeat:round}.rtl .elementor-widget-divider .elementor-divider__text{direction:rtl}.e-con-inner>.elementor-widget-divider,.e-con>.elementor-widget-divider{width:var(--container-widget-width,100%);--flex-grow:var(--container-widget-flex-grow)}<\/style>\t\t<div class=\"elementor-divider\">\n\t\t\t<span class=\"elementor-divider-separator\">\n\t\t\t\t\t\t<\/span>\n\t\t<\/div>\n\t\t\t\t<\/div>\n\t\t\t\t<\/div>\n\t\t\t\t\t\t<\/div>\n\t\t\t\t\t<\/div>\n\t\t<\/div>\n\t\t\t\t\t\t\t\t<\/div>\n\t\t\t\t\t<\/div>\n\t\t<\/section>\n\t\t\t\t<section class=\"penci-section penci-disSticky penci-structure-10 elementor-section elementor-top-section elementor-element elementor-element-b28c203 elementor-section-content-middle elementor-section-boxed elementor-section-height-default elementor-section-height-default\" data-id=\"b28c203\" data-element_type=\"section\">\n\t\t\t\t\t\t<div class=\"elementor-container elementor-column-gap-no\">\n\t\t\t\t\t\t\t<div class=\"elementor-row\">\n\t\t\t\t\t<div class=\"penci-ercol-100 penci-ercol-order-1 penci-sticky-ct  penci-dmcheck penci-elbg-activate  elementor-column elementor-col-100 elementor-top-column elementor-element elementor-element-7605122\" data-id=\"7605122\" data-element_type=\"column\" data-settings=\"{&quot;background_background&quot;:&quot;classic&quot;}\">\n\t\t\t<div class=\"theiaStickySidebar elementor-column-wrap elementor-element-populated\">\n\t\t\t\t\t\t\t<div class=\"elementor-widget-wrap\">\n\t\t\t\t\t\t<div class=\"elementor-element elementor-element-88ebf08 elementor-widget elementor-widget-penci-fancy_heading\" data-id=\"88ebf08\" data-element_type=\"widget\" data-widget_type=\"penci-fancy_heading.default\">\n\t\t\t\t<div class=\"elementor-widget-container\">\n\t\t\t\t\t<div class=\"penci-fancy-heading penci-heading-text-center\">\n\t\t\t<div class=\"penci-fancy-heading-inner\">\n\t\t\t\t<h2 class=\"penci-heading-title\"><span class=\"inner-tit\">\u0625\u0639\u0644\u0627\u0646 \u0639\u0646 \u0625\u063a\u0644\u0627\u0642 \u0628\u0627\u0628 \u0627\u0644\u062a\u0642\u062f\u064a\u0645 \u0644\u062a\u0648\u0638\u064a\u0641 ANARPAM<\/span><\/h2>\t\t\t<\/div>\n\t\t<\/div>\n\t\t\t\t<\/div>\n\t\t\t\t<\/div>\n\t\t\t\t<div class=\"elementor-element elementor-element-be5060f elementor-widget elementor-widget-text-editor\" data-id=\"be5060f\" data-element_type=\"widget\" data-widget_type=\"text-editor.default\">\n\t\t\t\t<div class=\"elementor-widget-container\">\n\t\t\t<style>\/*! elementor - v3.17.0 - 01-11-2023 *\/\n.elementor-widget-text-editor.elementor-drop-cap-view-stacked .elementor-drop-cap{background-color:#69727d;color:#fff}.elementor-widget-text-editor.elementor-drop-cap-view-framed .elementor-drop-cap{color:#69727d;border:3px solid;background-color:transparent}.elementor-widget-text-editor:not(.elementor-drop-cap-view-default) .elementor-drop-cap{margin-top:8px}.elementor-widget-text-editor:not(.elementor-drop-cap-view-default) .elementor-drop-cap-letter{width:1em;height:1em}.elementor-widget-text-editor .elementor-drop-cap{float:left;text-align:center;line-height:1;font-size:50px}.elementor-widget-text-editor .elementor-drop-cap-letter{display:inline-block}<\/style>\t\t\t\t\t<div class=\"elementor-text-editor elementor-clearfix\">\n\t\t\t\t<p>\u062a\u0634\u0643\u0631 ANARPAM \u0627\u0644\u0645\u0631\u0634\u062d\u064a\u0646 \u0627\u0644\u0645\u0647\u062a\u0645\u064a\u0646 \u0628\u0627\u0644\u062a\u0648\u0638\u064a\u0641 \u0627\u0644\u0630\u064a \u0628\u062f\u0623\u062a\u0647 \u0645\u0646\u0630 08 \u064a\u0646\u0627\u064a\u0631 2021 \u0648\u062a\u0628\u0644\u063a\u0647\u0645 \u0628\u0630\u0644\u0643\u00a0\u00a0<strong>\u064a\u062a\u0645 \u0625\u063a\u0644\u0627\u0642 \u0641\u062a\u0631\u0629 \u062a\u0642\u062f\u064a\u0645 \u0627\u0644\u0637\u0644\u0628\u0627\u062a \u0641\u064a 21 \u0641\u0628\u0631\u0627\u064a\u0631 2021 \u0627\u0644\u0633\u0627\u0639\u0629 11:59 \u0645\u0633\u0627\u0621\u064b.<\/strong>\u0643\u0645\u0627 \u0643\u0627\u0646 \u0645\u062a\u0648\u0642\u0639\u0627. \u0646\u062d\u0646 \u062d\u0627\u0644\u064a\u064b\u0627 \u0641\u064a \u0645\u0631\u062d\u0644\u0629 \u0645\u0631\u0627\u062c\u0639\u0629 \u0627\u0644\u0633\u064a\u0631\u0629 \u0627\u0644\u0630\u0627\u062a\u064a\u0629 \u0648\u064a\u0642\u0648\u062f \u0639\u0645\u0644\u064a\u0629 \u0627\u0644\u062a\u0642\u064a\u064a\u0645 \u062e\u0628\u0631\u0627\u0621 \u0645\u0633\u062a\u0642\u0644\u0648\u0646 \u0648\u0645\u0647\u0646\u064a\u0648\u0646 \u0641\u064a \u0627\u0644\u0648\u0638\u0627\u0626\u0641 \u0627\u0644\u0645\u0637\u0644\u0648\u0628 \u0634\u063a\u0644\u0647\u0627. \u0633\u064a\u064f\u0637\u0644\u0628 \u0645\u0646 \u0627\u0644\u0645\u0631\u0634\u062d\u064a\u0646 \u0627\u0644\u0645\u062e\u062a\u0627\u0631\u064a\u0646 \u0627\u0644\u062a\u062d\u0645\u064a\u0644 \u0639\u0644\u0649 \u0627\u0644\u0628\u0648\u0627\u0628\u0629:<\/p><p>\u00a0<\/p><ul><li>\u0627\u0644\u062f\u0628\u0644\u0648\u0645\u0627\u062a \u0648\u0627\u0644\u0634\u0647\u0627\u062f\u0627\u062a \u0627\u0644\u062a\u064a \u062a\u0645 \u0627\u0644\u062d\u0635\u0648\u0644 \u0639\u0644\u064a\u0647\u0627 \u061b<\/li><li>\u0634\u0647\u0627\u062f\u0627\u062a \u0627\u0644\u0639\u0645\u0644 \u0644\u0644\u062e\u0628\u0631\u0627\u062a \u0627\u0644\u0645\u0630\u0643\u0648\u0631\u0629 \u0641\u064a \u0627\u0633\u062a\u0645\u0627\u0631\u0629 \u0627\u0644\u0637\u0644\u0628 \u0627\u0644\u062e\u0627\u0635\u0629 \u0628\u0647\u0645 \u061b<\/li><li>\u062a\u0635\u0631\u064a\u062d \u0628\u0639\u062f\u0645 \u0627\u0644\u0639\u0645\u0644 \u0645\u0646 \u0642\u0628\u0644 \u0637\u0631\u0641 \u062b\u0627\u0644\u062b \u0648\u0628\u0627\u0644\u0623\u062e\u0635 \u0627\u0644\u062e\u062f\u0645\u0629 \u0627\u0644\u0645\u062f\u0646\u064a\u0629 \u0641\u064a \u0645\u0648\u0631\u064a\u062a\u0627\u0646\u064a\u0627. \u0628\u0627\u0644\u0646\u0633\u0628\u0629 \u0644\u0644\u0645\u0631\u0634\u062d\u064a\u0646 \u0627\u0644\u0630\u064a\u0646 \u0644\u062f\u064a\u0647\u0645 \u0639\u0642\u062f \u0639\u0645\u0644 \u062d\u0627\u0644\u064a \u060c \u0628\u062e\u0644\u0627\u0641 \u0627\u0644\u062e\u062f\u0645\u0629 \u0627\u0644\u0645\u062f\u0646\u064a\u0629 \u0641\u064a \u0645\u0648\u0631\u064a\u062a\u0627\u0646\u064a\u0627 \u060c \u064a\u062c\u0628 \u0623\u0646 \u064a\u062a\u0639\u0647\u062f\u0648\u0627 \u0628\u0625\u0646\u0647\u0627\u0626\u0647 \u0625\u0630\u0627 \u062a\u0645 \u0627\u062e\u062a\u064a\u0627\u0631\u0647\u0645.<\/li><li>\u0648\u062b\u064a\u0642\u0629 \u0627\u0644\u0647\u0648\u064a\u0629 (\u0628\u0637\u0627\u0642\u0629 \u0627\u0644\u0647\u0648\u064a\u0629 \u0627\u0644\u0648\u0637\u0646\u064a\u0629 \u0623\u0648 \u062c\u0648\u0627\u0632 \u0627\u0644\u0633\u0641\u0631) \u061b<\/li><li>\u0634\u0647\u0627\u062f\u0629 \u0637\u0628\u064a\u0629 \u064a\u0631\u062c\u0639 \u062a\u0627\u0631\u064a\u062e\u0647\u0627 \u0625\u0644\u0649 \u0623\u0642\u0644 \u0645\u0646 3 \u0623\u0634\u0647\u0631 \u0642\u0628\u0644 \u0627\u0644\u0645\u0648\u0639\u062f \u0627\u0644\u0646\u0647\u0627\u0626\u064a \u0644\u062a\u0642\u062f\u064a\u0645 \u0627\u0644\u0637\u0644\u0628\u0627\u062a (\u0627\u0644\u0645\u0630\u0643\u0648\u0631\u0629 \u0623\u0639\u0644\u0627\u0647) \u061b<\/li><li>\u0634\u0647\u0627\u062f\u0629 \u0637\u0628\u064a\u0629 \u064a\u0631\u062c\u0639 \u062a\u0627\u0631\u064a\u062e\u0647\u0627 \u0625\u0644\u0649 \u0623\u0642\u0644 \u0645\u0646 3 \u0623\u0634\u0647\u0631 \u0642\u0628\u0644 \u0627\u0644\u0645\u0648\u0639\u062f \u0627\u0644\u0646\u0647\u0627\u0626\u064a \u0644\u062a\u0642\u062f\u064a\u0645 \u0627\u0644\u0637\u0644\u0628\u0627\u062a (\u0627\u0644\u0645\u0630\u0643\u0648\u0631\u0629 \u0623\u0639\u0644\u0627\u0647) \u061b<\/li><\/ul><p>\u00a0<\/p><p>\u0642\u062f \u064a\u0624\u062f\u064a \u062a\u0642\u062f\u064a\u0645 \u0645\u0644\u0641 \u063a\u064a\u0631 \u0645\u0643\u062a\u0645\u0644 \u0625\u0644\u0649 \u0631\u0641\u0636 \u0627\u0644\u0637\u0644\u0628. \u062a\u062a\u0645\u0646\u0649 ANARPAM \u062d\u0638\u064b\u0627 \u0633\u0639\u064a\u062f\u064b\u0627 \u0644\u0644\u0645\u0631\u0634\u062d\u064a\u0646 \u0627\u0644\u0630\u064a\u0646 \u0633\u064a\u062a\u0645 \u0627\u062e\u062a\u064a\u0627\u0631\u0647\u0645 \u0641\u064a \u0646\u0647\u0627\u064a\u0629 \u0627\u062e\u062a\u064a\u0627\u0631 \u0627\u0644\u0645\u0644\u0641\u0627\u062a \u0644\u0644\u0627\u062e\u062a\u0628\u0627\u0631\u0627\u062a \/ \u0627\u0644\u0645\u0642\u0627\u0628\u0644\u0627\u062a \u0627\u0644\u0645\u0643\u062a\u0648\u0628\u0629 \u0648 \/ \u0623\u0648 \u0627\u0644\u0634\u0641\u0648\u064a\u0629. \u0643\u0645\u0627 \u062a\u062a\u0645\u0646\u0649 \u062d\u0638\u064b\u0627 \u0633\u0639\u064a\u062f\u064b\u0627 \u0644\u0645\u0646 \u0644\u0645 \u064a\u062a\u0645 \u0627\u062e\u062a\u064a\u0627\u0631\u0647\u0645.\u00a0<\/p>\t\t\t\t\t<\/div>\n\t\t\t\t\t\t<\/div>\n\t\t\t\t<\/div>\n\t\t\t\t\t\t<\/div>\n\t\t\t\t\t<\/div>\n\t\t<\/div>\n\t\t\t\t\t\t\t\t<\/div>\n\t\t\t\t\t<\/div>\n\t\t<\/section>\n\t\t\t\t\t\t\t\t\t<\/div>\n\t\t\t<\/div>\n\t\t\t\t\t<\/div>","protected":false},"excerpt":{"rendered":"<p>Emploi PV \u00e9valuation des candidatures pour la s\u00e9lection du Pr\u00e9sident et des membres de la Commission de Passations des March\u00e9s Publics de l\u2019ANARPAM Annonce de la cl\u00f4ture de d\u00e9p\u00f4t des&hellip;<\/p>","protected":false},"author":1,"featured_media":0,"parent":0,"menu_order":0,"comment_status":"closed","ping_status":"closed","template":"page-fullwidth.php","meta":{"_lmt_disableupdate":"","_lmt_disable":"","footnotes":""},"class_list":["post-10","page","type-page","status-publish","hentry"],"yoast_head":"<!-- This site is optimized with the Yoast SEO plugin v16.9 - https:\/\/yoast.com\/wordpress\/plugins\/seo\/ -->\n<title>Emploi - ANARPAM<\/title>\n<meta name=\"robots\" content=\"index, follow, max-snippet:-1, max-image-preview:large, max-video-preview:-1\" \/>\n<link rel=\"canonical\" href=\"https:\/\/anarpam.mr\/ar\/emploi\/\" \/>\n<meta property=\"og:locale\" content=\"ar_AR\" \/>\n<meta property=\"og:type\" content=\"article\" \/>\n<meta property=\"og:title\" content=\"Emploi - ANARPAM\" \/>\n<meta property=\"og:description\" content=\"Emploi PV \u00e9valuation des candidatures pour la s\u00e9lection du Pr\u00e9sident et des membres de la Commission de Passations des March\u00e9s Publics de l\u2019ANARPAM Annonce de la cl\u00f4ture de d\u00e9p\u00f4t des&hellip;\" \/>\n<meta property=\"og:url\" content=\"https:\/\/anarpam.mr\/ar\/emploi\/\" \/>\n<meta property=\"og:site_name\" content=\"ANARPAM\" \/>\n<meta property=\"article:modified_time\" content=\"2023-02-17T15:26:52+00:00\" \/>\n<meta name=\"twitter:card\" content=\"summary_large_image\" \/>\n<meta name=\"twitter:label1\" content=\"\u0648\u0642\u062a \u0627\u0644\u0642\u0631\u0627\u0621\u0629 \u0627\u0644\u0645\u064f\u0642\u062f\u0651\u0631\" \/>\n\t<meta name=\"twitter:data1\" content=\"\u062f\u0642\u064a\u0642\u0629 \u0648\u0627\u062d\u062f\u0629\" \/>\n<script type=\"application\/ld+json\" class=\"yoast-schema-graph\">{\"@context\":\"https:\/\/schema.org\",\"@graph\":[{\"@type\":\"Organization\",\"@id\":\"https:\/\/anarpam.mr\/ar\/#organization\",\"name\":\"ANARPAM\",\"url\":\"https:\/\/anarpam.mr\/ar\/\",\"sameAs\":[],\"logo\":{\"@type\":\"ImageObject\",\"@id\":\"https:\/\/anarpam.mr\/ar\/#logo\",\"inLanguage\":\"ar\",\"url\":\"https:\/\/anarpam.mr\/wp-content\/uploads\/2026\/04\/favicon-master-512.png\",\"contentUrl\":\"https:\/\/anarpam.mr\/wp-content\/uploads\/2026\/04\/favicon-master-512.png\",\"width\":512,\"height\":512,\"caption\":\"ANARPAM\"},\"image\":{\"@id\":\"https:\/\/anarpam.mr\/ar\/#logo\"}},{\"@type\":\"WebSite\",\"@id\":\"https:\/\/anarpam.mr\/ar\/#website\",\"url\":\"https:\/\/anarpam.mr\/ar\/\",\"name\":\"ANARPAM\",\"description\":\"\",\"publisher\":{\"@id\":\"https:\/\/anarpam.mr\/ar\/#organization\"},\"potentialAction\":[{\"@type\":\"SearchAction\",\"target\":{\"@type\":\"EntryPoint\",\"urlTemplate\":\"https:\/\/anarpam.mr\/ar\/?s={search_term_string}\"},\"query-input\":\"required name=search_term_string\"}],\"inLanguage\":\"ar\"},{\"@type\":\"WebPage\",\"@id\":\"https:\/\/anarpam.mr\/ar\/emploi\/#webpage\",\"url\":\"https:\/\/anarpam.mr\/ar\/emploi\/\",\"name\":\"Emploi - ANARPAM\",\"isPartOf\":{\"@id\":\"https:\/\/anarpam.mr\/ar\/#website\"},\"datePublished\":\"2019-10-28T01:52:08+00:00\",\"dateModified\":\"2023-02-17T15:26:52+00:00\",\"breadcrumb\":{\"@id\":\"https:\/\/anarpam.mr\/ar\/emploi\/#breadcrumb\"},\"inLanguage\":\"ar\",\"potentialAction\":[{\"@type\":\"ReadAction\",\"target\":[\"https:\/\/anarpam.mr\/ar\/emploi\/\"]}]},{\"@type\":\"BreadcrumbList\",\"@id\":\"https:\/\/anarpam.mr\/ar\/emploi\/#breadcrumb\",\"itemListElement\":[{\"@type\":\"ListItem\",\"position\":1,\"name\":\"Accueil\",\"item\":\"https:\/\/anarpam.mr\/ar\/\"},{\"@type\":\"ListItem\",\"position\":2,\"name\":\"Emploi\"}]}]}<\/script>\n<!-- \/ Yoast SEO plugin. -->","yoast_head_json":{"title":"Emploi - ANARPAM","robots":{"index":"index","follow":"follow","max-snippet":"max-snippet:-1","max-image-preview":"max-image-preview:large","max-video-preview":"max-video-preview:-1"},"canonical":"https:\/\/anarpam.mr\/ar\/emploi\/","og_locale":"ar_AR","og_type":"article","og_title":"Emploi - ANARPAM","og_description":"Emploi PV \u00e9valuation des candidatures pour la s\u00e9lection du Pr\u00e9sident et des membres de la Commission de Passations des March\u00e9s Publics de l\u2019ANARPAM Annonce de la cl\u00f4ture de d\u00e9p\u00f4t des&hellip;","og_url":"https:\/\/anarpam.mr\/ar\/emploi\/","og_site_name":"ANARPAM","article_modified_time":"2023-02-17T15:26:52+00:00","twitter_card":"summary_large_image","twitter_misc":{"\u0648\u0642\u062a \u0627\u0644\u0642\u0631\u0627\u0621\u0629 \u0627\u0644\u0645\u064f\u0642\u062f\u0651\u0631":"\u062f\u0642\u064a\u0642\u0629 \u0648\u0627\u062d\u062f\u0629"},"schema":{"@context":"https:\/\/schema.org","@graph":[{"@type":"Organization","@id":"https:\/\/anarpam.mr\/ar\/#organization","name":"ANARPAM","url":"https:\/\/anarpam.mr\/ar\/","sameAs":[],"logo":{"@type":"ImageObject","@id":"https:\/\/anarpam.mr\/ar\/#logo","inLanguage":"ar","url":"https:\/\/anarpam.mr\/wp-content\/uploads\/2026\/04\/favicon-master-512.png","contentUrl":"https:\/\/anarpam.mr\/wp-content\/uploads\/2026\/04\/favicon-master-512.png","width":512,"height":512,"caption":"ANARPAM"},"image":{"@id":"https:\/\/anarpam.mr\/ar\/#logo"}},{"@type":"WebSite","@id":"https:\/\/anarpam.mr\/ar\/#website","url":"https:\/\/anarpam.mr\/ar\/","name":"ANARPAM","description":"","publisher":{"@id":"https:\/\/anarpam.mr\/ar\/#organization"},"potentialAction":[{"@type":"SearchAction","target":{"@type":"EntryPoint","urlTemplate":"https:\/\/anarpam.mr\/ar\/?s={search_term_string}"},"query-input":"required name=search_term_string"}],"inLanguage":"ar"},{"@type":"WebPage","@id":"https:\/\/anarpam.mr\/ar\/emploi\/#webpage","url":"https:\/\/anarpam.mr\/ar\/emploi\/","name":"Emploi - ANARPAM","isPartOf":{"@id":"https:\/\/anarpam.mr\/ar\/#website"},"datePublished":"2019-10-28T01:52:08+00:00","dateModified":"2023-02-17T15:26:52+00:00","breadcrumb":{"@id":"https:\/\/anarpam.mr\/ar\/emploi\/#breadcrumb"},"inLanguage":"ar","potentialAction":[{"@type":"ReadAction","target":["https:\/\/anarpam.mr\/ar\/emploi\/"]}]},{"@type":"BreadcrumbList","@id":"https:\/\/anarpam.mr\/ar\/emploi\/#breadcrumb","itemListElement":[{"@type":"ListItem","position":1,"name":"Accueil","item":"https:\/\/anarpam.mr\/ar\/"},{"@type":"ListItem","position":2,"name":"Emploi"}]}]}},"_links":{"self":[{"href":"https:\/\/anarpam.mr\/ar\/wp-json\/wp\/v2\/pages\/10","targetHints":{"allow":["GET"]}}],"collection":[{"href":"https:\/\/anarpam.mr\/ar\/wp-json\/wp\/v2\/pages"}],"about":[{"href":"https:\/\/anarpam.mr\/ar\/wp-json\/wp\/v2\/types\/page"}],"author":[{"embeddable":true,"href":"https:\/\/anarpam.mr\/ar\/wp-json\/wp\/v2\/users\/1"}],"replies":[{"embeddable":true,"href":"https:\/\/anarpam.mr\/ar\/wp-json\/wp\/v2\/comments?post=10"}],"version-history":[{"count":17,"href":"https:\/\/anarpam.mr\/ar\/wp-json\/wp\/v2\/pages\/10\/revisions"}],"predecessor-version":[{"id":2115,"href":"https:\/\/anarpam.mr\/ar\/wp-json\/wp\/v2\/pages\/10\/revisions\/2115"}],"wp:attachment":[{"href":"https:\/\/anarpam.mr\/ar\/wp-json\/wp\/v2\/media?parent=10"}],"curies":[{"name":"wp","href":"https:\/\/api.w.org\/{rel}","templated":true}]}}